{"id":99,"date":"2021-07-02T14:18:56","date_gmt":"2021-07-02T12:18:56","guid":{"rendered":"https:\/\/sedax.ch\/?page_id=99"},"modified":"2026-03-30T13:10:07","modified_gmt":"2026-03-30T11:10:07","slug":"ueber-uns","status":"publish","type":"page","link":"https:\/\/sedax.ch\/de\/ueber-uns\/","title":{"rendered":"\u00dcber uns"},"content":{"rendered":"<p>[vc_row row_height_percent=&#8220;0&#8243; override_padding=&#8220;yes&#8220; h_padding=&#8220;2&#8243; top_padding=&#8220;1&#8243; bottom_padding=&#8220;2&#8243; back_color=&#8220;color-xsdn&#8220; overlay_alpha=&#8220;50&#8243; gutter_size=&#8220;3&#8243; column_width_percent=&#8220;100&#8243; shift_y=&#8220;0&#8243; z_index=&#8220;0&#8243; css=&#8220;.vc_custom_1626685395064{padding-top: 0px !important;padding-bottom: 0px !important;}&#8220;][vc_column column_width_use_pixel=&#8220;yes&#8220; gutter_size=&#8220;3&#8243; style=&#8220;light&#8220; back_color=&#8220;color-xsdn&#8220; overlay_alpha=&#8220;50&#8243; shift_x=&#8220;0&#8243; shift_y=&#8220;0&#8243; shift_y_down=&#8220;0&#8243; z_index=&#8220;0&#8243; medium_width=&#8220;0&#8243; mobile_width=&#8220;0&#8243; width=&#8220;1\/1&#8243; css=&#8220;.vc_custom_1626685579862{padding-top: 0px !important;padding-bottom: 0px !important;}&#8220; column_width_pixel=&#8220;1200&#8243; el_class=&#8220;nosidepadding_mobile&#8220;][vc_row_inner row_inner_height_percent=&#8220;0&#8243; overlay_alpha=&#8220;50&#8243; gutter_size=&#8220;3&#8243; shift_y=&#8220;0&#8243; z_index=&#8220;0&#8243; css=&#8220;.vc_custom_1626266864213{padding-top: 0px !important;padding-bottom: 0px !important;}&#8220; el_class=&#8220;nosidepadding_mobile&#8220; limit_content=&#8220;&#8220;][vc_column_inner column_width_percent=&#8220;85&#8243; position_horizontal=&#8220;right&#8220; gutter_size=&#8220;3&#8243; style=&#8220;light&#8220; overlay_alpha=&#8220;50&#8243; shift_x=&#8220;0&#8243; shift_y=&#8220;0&#8243; shift_y_down=&#8220;0&#8243; z_index=&#8220;0&#8243; medium_width=&#8220;4&#8243; mobile_width=&#8220;0&#8243; width=&#8220;1\/2&#8243; el_class=&#8220;linientop_h1&#8243;][vc_empty_space empty_h=&#8220;2&#8243; desktop_visibility=&#8220;yes&#8220; medium_visibility=&#8220;yes&#8220;][vc_single_image media=&#8220;243&#8243; media_width_use_pixel=&#8220;yes&#8220; media_width_pixel=&#8220;240&#8243; el_class=&#8220;weisse_linie&#8220;][\/vc_column_inner][vc_column_inner column_width_percent=&#8220;100&#8243; position_horizontal=&#8220;left&#8220; gutter_size=&#8220;3&#8243; style=&#8220;light&#8220; overlay_alpha=&#8220;50&#8243; shift_x=&#8220;0&#8243; shift_y=&#8220;0&#8243; shift_y_down=&#8220;0&#8243; z_index=&#8220;0&#8243; medium_width=&#8220;4&#8243; mobile_width=&#8220;0&#8243; width=&#8220;1\/2&#8243; el_class=&#8220;boxtop&#8220; uncode_shortcode_id=&#8220;522670&#8243;][vc_column_text uncode_shortcode_id=&#8220;550368&#8243;]<\/p>\n<h1><strong>Wer wir sind \u2013 Innovation trifft Umsetzung<\/strong><\/h1>\n<p>Wir sind Denker und Macher \u2013 ein Team aus Ingenieuren, Designern, Innovatoren und Fertigungsexperten. Seit 2002 haben wir \u00fcber <strong>\u00a01\u2019000 erfolgreiche Kundenprojekte<\/strong> umgesetzt und uns als zuverl\u00e4ssiger Partner f\u00fcr anspruchsvolle technische L\u00f6sungen etabliert.<\/p>\n<p>Unsere interdisziplin\u00e4ren Teams stehen f\u00fcr <strong>zielgerichtete Experimentierfreude und kreative L\u00f6sungsans\u00e4tze<\/strong>. Wir hinterfragen bestehende Denkmuster, schaffen Raum f\u00fcr neue Ideen und setzen aussergew\u00f6hnliche Konzepte um. Mit einfachen Prototypen testen wir unsere Ans\u00e4tze fr\u00fchzeitig, sodass nur <strong>validierte L\u00f6sungen<\/strong> in die Umsetzung gehen. Unsere <strong>agile, ganzheitliche Arbeitsweise<\/strong> sowie die enge Zusammenarbeit mit unseren Kunden und Partnern sind die Basis unseres Erfolgs.<\/p>\n<p>Mit unserem Schwesterunternehmen, der <strong>August Manser AG<\/strong>, bieten wir <strong>technische Gesamtl\u00f6sungen aus einer Hand<\/strong> \u2013 von der Produkteentwicklung \u00fcber die Pr\u00e4zisionsfertigung bis zur Montage mechanischer und mechatronischer Baugruppen und Systeme. Manser steht seit Jahrzehnten f\u00fcr h\u00f6chste Pr\u00e4zision und Schnelligkeit in der Umsetzung hochkomplexer Produkten.[\/vc_column_text][\/vc_column_inner][\/vc_row_inner][vc_empty_space empty_h=&#8220;2&#8243; medium_visibility=&#8220;yes&#8220; mobile_visibility=&#8220;yes&#8220;][\/vc_column][\/vc_row][vc_row row_height_percent=&#8220;0&#8243; override_padding=&#8220;yes&#8220; h_padding=&#8220;0&#8243; top_padding=&#8220;0&#8243; bottom_padding=&#8220;0&#8243; back_image=&#8220;899&#8243; back_repeat=&#8220;no-repeat&#8220; back_position=&#8220;center top&#8220; overlay_alpha=&#8220;50&#8243; gutter_size=&#8220;3&#8243; column_width_percent=&#8220;100&#8243; shift_y=&#8220;0&#8243; z_index=&#8220;0&#8243; back_size=&#8220;4000px 125px&#8220;][vc_column column_width_use_pixel=&#8220;yes&#8220; gutter_size=&#8220;3&#8243; overlay_alpha=&#8220;50&#8243; shift_x=&#8220;0&#8243; shift_y=&#8220;0&#8243; shift_y_down=&#8220;0&#8243; z_index=&#8220;0&#8243; medium_width=&#8220;0&#8243; mobile_width=&#8220;0&#8243; width=&#8220;1\/1&#8243; column_width_pixel=&#8220;1200&#8243;][vc_row_inner row_inner_height_percent=&#8220;0&#8243; overlay_alpha=&#8220;50&#8243; gutter_size=&#8220;3&#8243; shift_y=&#8220;0&#8243; z_index=&#8220;0&#8243; css=&#8220;.vc_custom_1626353439088{margin-top: -128px !important;}&#8220; limit_content=&#8220;&#8220;][vc_column_inner column_width_percent=&#8220;100&#8243; gutter_size=&#8220;3&#8243; override_padding=&#8220;yes&#8220; column_padding=&#8220;0&#8243; overlay_alpha=&#8220;50&#8243; shift_x=&#8220;0&#8243; shift_y=&#8220;0&#8243; shift_y_down=&#8220;0&#8243; z_index=&#8220;0&#8243; medium_width=&#8220;0&#8243; mobile_width=&#8220;0&#8243; width=&#8220;1\/1&#8243;][vc_single_image media=&#8220;923&#8243; media_width_percent=&#8220;100&#8243; uncode_shortcode_id=&#8220;202082&#8243;][\/vc_column_inner][\/vc_row_inner][\/vc_column][\/vc_row][vc_row row_height_percent=&#8220;0&#8243; override_padding=&#8220;yes&#8220; h_padding=&#8220;2&#8243; top_padding=&#8220;1&#8243; bottom_padding=&#8220;2&#8243; back_color=&#8220;color-120169&#8243; overlay_alpha=&#8220;50&#8243; gutter_size=&#8220;3&#8243; column_width_percent=&#8220;100&#8243; shift_y=&#8220;0&#8243; z_index=&#8220;0&#8243; css=&#8220;.vc_custom_1626687951292{padding-top: 0px !important;padding-bottom: 0px !important;}&#8220; row_name=&#8220;team&#8220;][vc_column column_width_use_pixel=&#8220;yes&#8220; gutter_size=&#8220;3&#8243; style=&#8220;light&#8220; back_color=&#8220;color-120169&#8243; overlay_alpha=&#8220;50&#8243; shift_x=&#8220;0&#8243; shift_y=&#8220;0&#8243; shift_y_down=&#8220;0&#8243; z_index=&#8220;0&#8243; medium_width=&#8220;0&#8243; mobile_width=&#8220;0&#8243; width=&#8220;1\/1&#8243; css=&#8220;.vc_custom_1626687315512{padding-top: 0px !important;padding-bottom: 0px !important;}&#8220; column_width_pixel=&#8220;1200&#8243; el_class=&#8220;nosidepadding_mobile&#8220;][vc_row_inner row_inner_height_percent=&#8220;0&#8243; overlay_alpha=&#8220;50&#8243; gutter_size=&#8220;3&#8243; shift_y=&#8220;0&#8243; z_index=&#8220;0&#8243; css=&#8220;.vc_custom_1626266864213{padding-top: 0px !important;padding-bottom: 0px !important;}&#8220; el_class=&#8220;nosidepadding_mobile&#8220; limit_content=&#8220;&#8220;][vc_column_inner column_width_percent=&#8220;85&#8243; position_horizontal=&#8220;right&#8220; gutter_size=&#8220;3&#8243; style=&#8220;light&#8220; overlay_alpha=&#8220;50&#8243; shift_x=&#8220;0&#8243; shift_y=&#8220;0&#8243; shift_y_down=&#8220;0&#8243; z_index=&#8220;0&#8243; medium_width=&#8220;4&#8243; mobile_width=&#8220;0&#8243; width=&#8220;1\/2&#8243; el_class=&#8220;linientop_h1&#8243;][vc_empty_space empty_h=&#8220;2&#8243; desktop_visibility=&#8220;yes&#8220; medium_visibility=&#8220;yes&#8220;][vc_single_image media=&#8220;243&#8243; media_width_use_pixel=&#8220;yes&#8220; media_width_pixel=&#8220;240&#8243; el_class=&#8220;weisse_linie&#8220;][\/vc_column_inner][vc_column_inner column_width_percent=&#8220;85&#8243; position_horizontal=&#8220;left&#8220; gutter_size=&#8220;3&#8243; style=&#8220;light&#8220; overlay_alpha=&#8220;50&#8243; shift_x=&#8220;0&#8243; shift_y=&#8220;0&#8243; shift_y_down=&#8220;0&#8243; z_index=&#8220;0&#8243; medium_width=&#8220;4&#8243; mobile_width=&#8220;0&#8243; width=&#8220;1\/2&#8243; el_class=&#8220;boxtop&#8220;][vc_column_text uncode_shortcode_id=&#8220;195148&#8243;]<\/p>\n<h1>Unser Team<\/h1>\n<p><strong>Wir sind ein Team aus Ingenieuren, Designern, Innovatoren und Fertigern.<\/strong><\/p>\n<p>Gemeinsam schaffen wir neue Perspektiven und entwickeln, optimieren und industrialisieren mit Leidenschaft.[\/vc_column_text][\/vc_column_inner][\/vc_row_inner][vc_empty_space empty_h=&#8220;2&#8243; medium_visibility=&#8220;yes&#8220; mobile_visibility=&#8220;yes&#8220;][\/vc_column][\/vc_row][vc_row row_height_percent=&#8220;0&#8243; override_padding=&#8220;yes&#8220; h_padding=&#8220;2&#8243; top_padding=&#8220;0&#8243; bottom_padding=&#8220;5&#8243; overlay_alpha=&#8220;50&#8243; gutter_size=&#8220;3&#8243; column_width_percent=&#8220;100&#8243; shift_y=&#8220;0&#8243; z_index=&#8220;0&#8243; uncode_shortcode_id=&#8220;192422&#8243;][vc_column width=&#8220;1\/1&#8243;][vc_gallery el_id=&#8220;gallery-201091&#8243; random=&#8220;yes&#8220; medias=&#8220;2435,2397,2470,2468,2976,2409,2411,2417,2460,2458,2456,2454,2452,937,2450,3523,2423,3528,3516,2446,2425,2444,2427,2438,3388,3482,2395,3457,2448,3090,3673,3891,4147,4150,4342,4350,4358,4364,4388,4398,4401&#8243; filtering=&#8220;yes&#8220; filtering_position=&#8220;center&#8220; gutter_size=&#8220;3&#8243; media_items=&#8220;media|nolink|original,title,description&#8220; screen_lg=&#8220;1000&#8243; screen_md=&#8220;700&#8243; screen_sm=&#8220;595&#8243; images_size=&#8220;three-four&#8220; single_overlay_color=&#8220;color-xsdn&#8220; single_overlay_coloration=&#8220;bottom_gradient&#8220; single_overlay_blend=&#8220;multiply&#8220; single_overlay_opacity=&#8220;50&#8243; single_overlay_visible=&#8220;yes&#8220; single_overlay_anim=&#8220;no&#8220; single_text_visible=&#8220;yes&#8220; single_text_anim=&#8220;no&#8220; single_image_anim=&#8220;no&#8220; single_h_align=&#8220;center&#8220; single_v_position=&#8220;bottom&#8220; single_padding=&#8220;2&#8243; single_text_reduced=&#8220;yes&#8220; single_title_dimension=&#8220;h6&#8243; single_title_weight=&#8220;300&#8243; single_title_transform=&#8220;uppercase&#8220; single_text_lead=&#8220;small&#8220; single_border=&#8220;yes&#8220; el_class=&#8220;mitarbeiterliste&#8220; uncode_shortcode_id=&#8220;122535&#8243;][\/vc_column][\/vc_row]<\/p>\n","protected":false},"excerpt":{"rendered":"<p>[vc_row row_height_percent=&#8220;0&#8243; override_padding=&#8220;yes&#8220; h_padding=&#8220;2&#8243; top_padding=&#8220;1&#8243; bottom_padding=&#8220;2&#8243; back_color=&#8220;color-xsdn&#8220; overlay_alpha=&#8220;50&#8243; gutter_size=&#8220;3&#8243; column_width_percent=&#8220;100&#8243; shift_y=&#8220;0&#8243; z_index=&#8220;0&#8243; css=&#8220;.vc_custom_1626685395064{padding-top: 0px !important;padding-bottom: 0px !important;}&#8220;][vc_column column_width_use_pixel=&#8220;yes&#8220; gutter_size=&#8220;3&#8243; style=&#8220;light&#8220; [&hellip;]<\/p>\n","protected":false},"author":1,"featured_media":3228,"parent":0,"menu_order":22,"comment_status":"closed","ping_status":"closed","template":"","meta":[],"yoast_head":"<!-- This site is optimized with the Yoast SEO plugin v17.6 - https:\/\/yoast.com\/wordpress\/plugins\/seo\/ -->\n<title>Sedax in Z\u00fcrich - \u00dcber uns<\/title>\n<meta name=\"description\" content=\"Erfahren Sie mehr \u00fcber Sedax - Ihr Partner f\u00fcr innovative L\u00f6sungen und erstklassige Dienstleistungen. Jetzt mehr erfahren.\" \/>\n<meta name=\"robots\" content=\"index, follow, max-snippet:-1, max-image-preview:large, max-video-preview:-1\" \/>\n<link rel=\"canonical\" href=\"https:\/\/sedax.ch\/de\/ueber-uns\/\" \/>\n<meta property=\"og:locale\" content=\"de_DE\" \/>\n<meta property=\"og:type\" content=\"article\" \/>\n<meta property=\"og:title\" content=\"Sedax in Z\u00fcrich - \u00dcber uns\" \/>\n<meta property=\"og:description\" content=\"Erfahren Sie mehr \u00fcber Sedax - Ihr Partner f\u00fcr innovative L\u00f6sungen und erstklassige Dienstleistungen. Jetzt mehr erfahren.\" \/>\n<meta property=\"og:url\" content=\"https:\/\/sedax.ch\/de\/ueber-uns\/\" \/>\n<meta property=\"og:site_name\" content=\"Sedax AG Z\u00fcrich\" \/>\n<meta property=\"article:modified_time\" content=\"2026-03-30T11:10:07+00:00\" \/>\n<meta property=\"og:image\" content=\"https:\/\/sedax.ch\/wp-content\/uploads\/2022\/12\/header_ueber-uns_sedax1.jpg\" \/>\n\t<meta property=\"og:image:width\" content=\"2560\" \/>\n\t<meta property=\"og:image:height\" content=\"667\" \/>\n<meta name=\"twitter:card\" content=\"summary_large_image\" \/>\n<meta name=\"twitter:label1\" content=\"Gesch\u00e4tzte Lesezeit\" \/>\n\t<meta name=\"twitter:data1\" content=\"2 Minuten\" \/>\n<!-- \/ Yoast SEO plugin. -->","yoast_head_json":{"title":"Sedax in Z\u00fcrich - \u00dcber uns","description":"Erfahren Sie mehr \u00fcber Sedax - Ihr Partner f\u00fcr innovative L\u00f6sungen und erstklassige Dienstleistungen. Jetzt mehr erfahren.","robots":{"index":"index","follow":"follow","max-snippet":"max-snippet:-1","max-image-preview":"max-image-preview:large","max-video-preview":"max-video-preview:-1"},"canonical":"https:\/\/sedax.ch\/de\/ueber-uns\/","og_locale":"de_DE","og_type":"article","og_title":"Sedax in Z\u00fcrich - \u00dcber uns","og_description":"Erfahren Sie mehr \u00fcber Sedax - Ihr Partner f\u00fcr innovative L\u00f6sungen und erstklassige Dienstleistungen. Jetzt mehr erfahren.","og_url":"https:\/\/sedax.ch\/de\/ueber-uns\/","og_site_name":"Sedax AG Z\u00fcrich","article_modified_time":"2026-03-30T11:10:07+00:00","og_image":[{"width":2560,"height":667,"url":"https:\/\/sedax.ch\/wp-content\/uploads\/2022\/12\/header_ueber-uns_sedax1.jpg","type":"image\/jpeg"}],"twitter_card":"summary_large_image","twitter_misc":{"Gesch\u00e4tzte Lesezeit":"2 Minuten"},"schema":{"@context":"https:\/\/schema.org","@graph":[{"@type":"Organization","@id":"https:\/\/sedax.ch\/de\/#organization","name":"Sedax AG","url":"https:\/\/sedax.ch\/de\/","sameAs":["https:\/\/www.linkedin.com\/company\/sedax-ag\/?viewAsMember=true"],"logo":{"@type":"ImageObject","@id":"https:\/\/sedax.ch\/de\/#logo","inLanguage":"de-DE","url":"https:\/\/sedax.ch\/wp-content\/uploads\/2021\/06\/sedax_logo_positiv.svg","contentUrl":"https:\/\/sedax.ch\/wp-content\/uploads\/2021\/06\/sedax_logo_positiv.svg","caption":"Sedax AG"},"image":{"@id":"https:\/\/sedax.ch\/de\/#logo"}},{"@type":"WebSite","@id":"https:\/\/sedax.ch\/de\/#website","url":"https:\/\/sedax.ch\/de\/","name":"Sedax AG Z\u00fcrich","description":"Innovation &amp; Produktenwicklung | Ecodesign &amp; Circular Economy | Automation &amp; Betriebsmittelbau","publisher":{"@id":"https:\/\/sedax.ch\/de\/#organization"},"potentialAction":[{"@type":"SearchAction","target":{"@type":"EntryPoint","urlTemplate":"https:\/\/sedax.ch\/de\/?s={search_term_string}"},"query-input":"required name=search_term_string"}],"inLanguage":"de-DE"},{"@type":"ImageObject","@id":"https:\/\/sedax.ch\/de\/ueber-uns\/#primaryimage","inLanguage":"de-DE","url":"https:\/\/sedax.ch\/wp-content\/uploads\/2022\/12\/header_ueber-uns_sedax1.jpg","contentUrl":"https:\/\/sedax.ch\/wp-content\/uploads\/2022\/12\/header_ueber-uns_sedax1.jpg","width":2560,"height":667},{"@type":"WebPage","@id":"https:\/\/sedax.ch\/de\/ueber-uns\/#webpage","url":"https:\/\/sedax.ch\/de\/ueber-uns\/","name":"Sedax in Z\u00fcrich - \u00dcber uns","isPartOf":{"@id":"https:\/\/sedax.ch\/de\/#website"},"primaryImageOfPage":{"@id":"https:\/\/sedax.ch\/de\/ueber-uns\/#primaryimage"},"datePublished":"2021-07-02T12:18:56+00:00","dateModified":"2026-03-30T11:10:07+00:00","description":"Erfahren Sie mehr \u00fcber Sedax - Ihr Partner f\u00fcr innovative L\u00f6sungen und erstklassige Dienstleistungen. Jetzt mehr erfahren.","breadcrumb":{"@id":"https:\/\/sedax.ch\/de\/ueber-uns\/#breadcrumb"},"inLanguage":"de-DE","potentialAction":[{"@type":"ReadAction","target":["https:\/\/sedax.ch\/de\/ueber-uns\/"]}]},{"@type":"BreadcrumbList","@id":"https:\/\/sedax.ch\/de\/ueber-uns\/#breadcrumb","itemListElement":[{"@type":"ListItem","position":1,"name":"Startseite","item":"https:\/\/sedax.ch\/de\/"},{"@type":"ListItem","position":2,"name":"\u00dcber uns"}]}]}},"_links":{"self":[{"href":"https:\/\/sedax.ch\/de\/wp-json\/wp\/v2\/pages\/99"}],"collection":[{"href":"https:\/\/sedax.ch\/de\/wp-json\/wp\/v2\/pages"}],"about":[{"href":"https:\/\/sedax.ch\/de\/wp-json\/wp\/v2\/types\/page"}],"author":[{"embeddable":true,"href":"https:\/\/sedax.ch\/de\/wp-json\/wp\/v2\/users\/1"}],"replies":[{"embeddable":true,"href":"https:\/\/sedax.ch\/de\/wp-json\/wp\/v2\/comments?post=99"}],"version-history":[{"count":215,"href":"https:\/\/sedax.ch\/de\/wp-json\/wp\/v2\/pages\/99\/revisions"}],"predecessor-version":[{"id":4404,"href":"https:\/\/sedax.ch\/de\/wp-json\/wp\/v2\/pages\/99\/revisions\/4404"}],"wp:featuredmedia":[{"embeddable":true,"href":"https:\/\/sedax.ch\/de\/wp-json\/wp\/v2\/media\/3228"}],"wp:attachment":[{"href":"https:\/\/sedax.ch\/de\/wp-json\/wp\/v2\/media?parent=99"}],"curies":[{"name":"wp","href":"https:\/\/api.w.org\/{rel}","templated":true}]}}