{"id":3808,"date":"2025-04-29T18:37:36","date_gmt":"2025-04-29T16:37:36","guid":{"rendered":"https:\/\/sedax.ch\/?page_id=3808"},"modified":"2025-08-07T13:09:47","modified_gmt":"2025-08-07T11:09:47","slug":"automation-betriebsmittelbau","status":"publish","type":"page","link":"https:\/\/sedax.ch\/de\/was-wir-tun\/automation-betriebsmittelbau\/","title":{"rendered":"Automation &#038; Betriebsmittelbau"},"content":{"rendered":"<p>[vc_row row_height_percent=&#8220;0&#8243; override_padding=&#8220;yes&#8220; h_padding=&#8220;2&#8243; top_padding=&#8220;1&#8243; bottom_padding=&#8220;2&#8243; back_color=&#8220;color-xsdn&#8220; overlay_alpha=&#8220;50&#8243; gutter_size=&#8220;3&#8243; column_width_percent=&#8220;100&#8243; shift_y=&#8220;0&#8243; z_index=&#8220;0&#8243; css=&#8220;.vc_custom_1626685395064{padding-top: 0px !important;padding-bottom: 0px !important;}&#8220;][vc_column column_width_use_pixel=&#8220;yes&#8220; gutter_size=&#8220;3&#8243; style=&#8220;light&#8220; back_color=&#8220;color-xsdn&#8220; overlay_alpha=&#8220;50&#8243; shift_x=&#8220;0&#8243; shift_y=&#8220;0&#8243; shift_y_down=&#8220;0&#8243; z_index=&#8220;0&#8243; medium_width=&#8220;0&#8243; mobile_width=&#8220;0&#8243; width=&#8220;1\/1&#8243; css=&#8220;.vc_custom_1626685579862{padding-top: 0px !important;padding-bottom: 0px !important;}&#8220; column_width_pixel=&#8220;1200&#8243; el_class=&#8220;nosidepadding_mobile&#8220;][vc_row_inner row_inner_height_percent=&#8220;0&#8243; overlay_alpha=&#8220;50&#8243; gutter_size=&#8220;0&#8243; shift_y=&#8220;0&#8243; z_index=&#8220;0&#8243; css=&#8220;.vc_custom_1626772906765{padding-top: 0px !important;padding-bottom: 0px !important;}&#8220; el_class=&#8220;nosidepadding_mobile&#8220; limit_content=&#8220;&#8220;][vc_column_inner column_width_percent=&#8220;85&#8243; position_horizontal=&#8220;right&#8220; gutter_size=&#8220;3&#8243; style=&#8220;light&#8220; overlay_alpha=&#8220;50&#8243; shift_x=&#8220;0&#8243; shift_y=&#8220;0&#8243; shift_y_down=&#8220;0&#8243; z_index=&#8220;0&#8243; medium_width=&#8220;4&#8243; mobile_width=&#8220;0&#8243; width=&#8220;1\/2&#8243; el_class=&#8220;linientop_h1&#8243;][vc_empty_space empty_h=&#8220;2&#8243; desktop_visibility=&#8220;yes&#8220; medium_visibility=&#8220;yes&#8220;][vc_single_image media=&#8220;243&#8243; media_width_use_pixel=&#8220;yes&#8220; media_width_pixel=&#8220;240&#8243; el_class=&#8220;weisse_linie&#8220;][\/vc_column_inner][vc_column_inner column_width_percent=&#8220;85&#8243; position_horizontal=&#8220;left&#8220; gutter_size=&#8220;3&#8243; style=&#8220;light&#8220; overlay_alpha=&#8220;50&#8243; shift_x=&#8220;0&#8243; shift_y=&#8220;0&#8243; shift_y_down=&#8220;0&#8243; z_index=&#8220;0&#8243; medium_width=&#8220;4&#8243; mobile_width=&#8220;0&#8243; width=&#8220;1\/2&#8243; el_class=&#8220;boxtop&#8220;][vc_column_text uncode_shortcode_id=&#8220;481596&#8243;]<\/p>\n<h1>Automation, die mitdenkt \u2013 von der Idee zur Anlage<\/h1>\n<p class=\"\" data-start=\"191\" data-end=\"338\">Sedax entwickelt individuelle Automationsl\u00f6sungen und Betriebsmittel \u2013 mit besonderer Expertise im <strong data-start=\"290\" data-end=\"335\">Sondermaschinenbau f\u00fcr die Medizintechnik<\/strong>.<\/p>\n<p class=\"\" data-start=\"340\" data-end=\"490\">Ob Pr\u00fcfanlage, Montagevorrichtung oder teilautomatisierter Prozess: Unsere L\u00f6sungen sind pr\u00e4zise, zuverl\u00e4ssig und auf Ihre Anforderungen abgestimmt.<\/p>\n<p class=\"\" data-start=\"492\" data-end=\"683\">In enger Zusammenarbeit mit unserer Schwesterfirma <strong data-start=\"543\" data-end=\"563\">August Manser AG<\/strong> realisieren wir Projekte von der Idee bis zur fertigen Anlage \u2013 inklusive Konstruktion, Fertigung und Inbetriebnahme.<\/p>\n<p class=\"\" data-start=\"685\" data-end=\"782\"><strong data-start=\"685\" data-end=\"780\">Effizient, normgerecht und praxisnah \u2013 f\u00fcr h\u00f6chste Anspr\u00fcche in Entwicklung und Produktion.<\/strong><\/p>\n<p>[\/vc_column_text][\/vc_column_inner][\/vc_row_inner][vc_empty_space empty_h=&#8220;2&#8243; medium_visibility=&#8220;yes&#8220; mobile_visibility=&#8220;yes&#8220;][\/vc_column][\/vc_row][vc_row row_height_percent=&#8220;0&#8243; override_padding=&#8220;yes&#8220; h_padding=&#8220;0&#8243; top_padding=&#8220;0&#8243; bottom_padding=&#8220;0&#8243; back_color=&#8220;color-103804&#8243; back_image=&#8220;899&#8243; back_repeat=&#8220;no-repeat&#8220; back_position=&#8220;center top&#8220; overlay_alpha=&#8220;50&#8243; gutter_size=&#8220;3&#8243; column_width_percent=&#8220;100&#8243; shift_y=&#8220;0&#8243; z_index=&#8220;0&#8243; back_size=&#8220;4000px 125px&#8220;][vc_column column_width_use_pixel=&#8220;yes&#8220; gutter_size=&#8220;3&#8243; overlay_alpha=&#8220;50&#8243; shift_x=&#8220;0&#8243; shift_y=&#8220;0&#8243; shift_y_down=&#8220;0&#8243; z_index=&#8220;0&#8243; medium_width=&#8220;0&#8243; mobile_width=&#8220;0&#8243; width=&#8220;1\/1&#8243; column_width_pixel=&#8220;1200&#8243;][vc_row_inner row_inner_height_percent=&#8220;0&#8243; overlay_alpha=&#8220;50&#8243; gutter_size=&#8220;3&#8243; shift_y=&#8220;0&#8243; z_index=&#8220;0&#8243; css=&#8220;.vc_custom_1626353439088{margin-top: -128px !important;}&#8220; limit_content=&#8220;&#8220;][vc_column_inner column_width_percent=&#8220;100&#8243; gutter_size=&#8220;3&#8243; override_padding=&#8220;yes&#8220; column_padding=&#8220;0&#8243; overlay_alpha=&#8220;50&#8243; shift_x=&#8220;0&#8243; shift_y=&#8220;0&#8243; shift_y_down=&#8220;0&#8243; z_index=&#8220;0&#8243; medium_width=&#8220;0&#8243; mobile_width=&#8220;0&#8243; width=&#8220;1\/1&#8243;][vc_single_image media=&#8220;4173&#8243; media_width_percent=&#8220;80&#8243; alignment=&#8220;center&#8220; uncode_shortcode_id=&#8220;123044&#8243;][\/vc_column_inner][\/vc_row_inner][\/vc_column][\/vc_row][vc_row row_height_percent=&#8220;0&#8243; override_padding=&#8220;yes&#8220; h_padding=&#8220;2&#8243; top_padding=&#8220;1&#8243; bottom_padding=&#8220;2&#8243; back_color=&#8220;color-103804&#8243; overlay_alpha=&#8220;50&#8243; gutter_size=&#8220;3&#8243; column_width_percent=&#8220;100&#8243; shift_y=&#8220;0&#8243; z_index=&#8220;0&#8243; css=&#8220;.vc_custom_1626767779240{padding-top: 0px !important;padding-bottom: 0px !important;}&#8220;][vc_column column_width_use_pixel=&#8220;yes&#8220; gutter_size=&#8220;3&#8243; style=&#8220;dark&#8220; back_color=&#8220;color-103804&#8243; overlay_alpha=&#8220;50&#8243; shift_x=&#8220;0&#8243; shift_y=&#8220;0&#8243; shift_y_down=&#8220;0&#8243; z_index=&#8220;0&#8243; medium_width=&#8220;0&#8243; mobile_width=&#8220;0&#8243; width=&#8220;1\/1&#8243; css=&#8220;.vc_custom_1626767805731{padding-top: 0px !important;padding-bottom: 0px !important;}&#8220; column_width_pixel=&#8220;1200&#8243; el_class=&#8220;nosidepadding_mobile&#8220;][vc_row_inner row_inner_height_percent=&#8220;0&#8243; overlay_alpha=&#8220;50&#8243; gutter_size=&#8220;0&#8243; shift_y=&#8220;0&#8243; z_index=&#8220;0&#8243; css=&#8220;.vc_custom_1626773005544{padding-top: 0px !important;padding-bottom: 0px !important;}&#8220; el_class=&#8220;nosidepadding_mobile&#8220; limit_content=&#8220;&#8220;][vc_column_inner column_width_percent=&#8220;85&#8243; position_horizontal=&#8220;right&#8220; gutter_size=&#8220;3&#8243; style=&#8220;dark&#8220; overlay_alpha=&#8220;50&#8243; shift_x=&#8220;0&#8243; shift_y=&#8220;0&#8243; shift_y_down=&#8220;0&#8243; z_index=&#8220;0&#8243; medium_width=&#8220;4&#8243; mobile_width=&#8220;0&#8243; width=&#8220;1\/2&#8243; el_class=&#8220;linientop_h1&#8243;][vc_empty_space empty_h=&#8220;2&#8243; desktop_visibility=&#8220;yes&#8220; medium_visibility=&#8220;yes&#8220;][vc_single_image media=&#8220;227&#8243; media_width_use_pixel=&#8220;yes&#8220; media_width_pixel=&#8220;240&#8243; el_class=&#8220;weisse_linie&#8220;][\/vc_column_inner][vc_column_inner column_width_percent=&#8220;85&#8243; position_horizontal=&#8220;left&#8220; gutter_size=&#8220;3&#8243; style=&#8220;dark&#8220; overlay_alpha=&#8220;50&#8243; shift_x=&#8220;0&#8243; shift_y=&#8220;0&#8243; shift_y_down=&#8220;0&#8243; z_index=&#8220;0&#8243; medium_width=&#8220;4&#8243; mobile_width=&#8220;0&#8243; width=&#8220;1\/2&#8243; el_class=&#8220;boxtop boxbottom&#8220; uncode_shortcode_id=&#8220;166772&#8243;][vc_column_text uncode_shortcode_id=&#8220;917580&#8243;]<\/p>\n<h2>Unsere Leistungen<\/h2>\n<ul>\n<li><span style=\"color: #ffffff;\">Entwicklung und Bau von Betriebsmitteln, Vorrichtungen und Pr\u00fcfst\u00e4nden<\/span><\/li>\n<li><span style=\"color: #ffffff;\">Automatisierung von Teil- oder Gesamtprozessen<\/span><\/li>\n<li><span style=\"color: #ffffff;\">\u00a0Projektleitung und Schnittstellenmanagement mit Ihrem Team<\/span><\/li>\n<li><span style=\"color: #ffffff;\">Fertigungsnahe Entwicklung und enge Zusammenarbeit mit unserer Schwesterfirma August Manser AG<\/span><\/li>\n<\/ul>\n<p>[\/vc_column_text][vc_column_text uncode_shortcode_id=&#8220;132780&#8243;]<\/p>\n<h3><strong data-start=\"1041\" data-end=\"1056\">Unser Ziel<\/strong><\/h3>\n<p>Funktionale, langlebige und bedienerfreundliche L\u00f6sungen \u2013 damit Ihre Produktion nicht nur l\u00e4uft, sondern mitdenkt.[\/vc_column_text][\/vc_column_inner][\/vc_row_inner][\/vc_column][\/vc_row][vc_row row_height_percent=&#8220;0&#8243; override_padding=&#8220;yes&#8220; h_padding=&#8220;0&#8243; top_padding=&#8220;0&#8243; bottom_padding=&#8220;4&#8243; overlay_alpha=&#8220;50&#8243; gutter_size=&#8220;3&#8243; column_width_percent=&#8220;100&#8243; shift_y=&#8220;0&#8243; z_index=&#8220;0&#8243; desktop_visibility=&#8220;yes&#8220; mobile_visibility=&#8220;yes&#8220; css=&#8220;.vc_custom_1648197585711{padding-right: 72px !important;padding-left: 72px !important;}&#8220; uncode_shortcode_id=&#8220;167138&#8243; el_class=&#8220;move_up&#8220;][vc_column width=&#8220;1\/1&#8243;][uncode_index el_id=&#8220;index-10009851&#8243; index_type=&#8220;carousel&#8220; loop=&#8220;size:5|order_by:date|order:DESC|post_type:portfolio|by_id:2783,2028,1975,1209,3014|taxonomy_count:10&#8243; carousel_lg=&#8220;3&#8243; carousel_md=&#8220;2&#8243; carousel_sm=&#8220;1&#8243; gutter_size=&#8220;3&#8243; portfolio_items=&#8220;title,media|media|onpost|original,text|excerpt|56,spacer|half,link|default|default_size|Weiter,spacer_two|half,category|nobg|relative|display-icon&#8220; carousel_interval=&#8220;10000&#8243; carousel_navspeed=&#8220;400&#8243; carousel_loop=&#8220;yes&#8220; carousel_overflow=&#8220;yes&#8220; carousel_dots=&#8220;yes&#8220; carousel_dots_mobile=&#8220;yes&#8220; stage_padding=&#8220;0&#8243; single_text=&#8220;overlay&#8220; single_overlay_color=&#8220;color-126884&#8243; single_overlay_blend=&#8220;multiply&#8220; single_overlay_opacity=&#8220;50&#8243; single_image_anim=&#8220;no&#8220; single_padding=&#8220;2&#8243; single_elements_click=&#8220;yes&#8220; single_border=&#8220;yes&#8220; el_class=&#8220;dcwi-postcaroussel&#8220; uncode_shortcode_id=&#8220;411631&#8243;][\/vc_column][\/vc_row][vc_row row_height_percent=&#8220;0&#8243; override_padding=&#8220;yes&#8220; h_padding=&#8220;0&#8243; top_padding=&#8220;0&#8243; bottom_padding=&#8220;4&#8243; overlay_alpha=&#8220;50&#8243; gutter_size=&#8220;3&#8243; column_width_percent=&#8220;100&#8243; shift_y=&#8220;0&#8243; z_index=&#8220;0&#8243; desktop_visibility=&#8220;yes&#8220; medium_visibility=&#8220;yes&#8220; css=&#8220;.vc_custom_1648197596411{padding-right: 43px !important;padding-left: 43px !important;}&#8220; uncode_shortcode_id=&#8220;116075&#8243; el_class=&#8220;move_up&#8220;][vc_column width=&#8220;1\/1&#8243;][uncode_index el_id=&#8220;index-1007851&#8243; index_type=&#8220;carousel&#8220; loop=&#8220;size:5|order_by:date|order:DESC|post_type:portfolio|by_id:2783,2028,1975,1209,3014|taxonomy_count:10&#8243; carousel_lg=&#8220;3&#8243; carousel_md=&#8220;2&#8243; carousel_sm=&#8220;1&#8243; gutter_size=&#8220;2&#8243; portfolio_items=&#8220;title,media|media|onpost|original,text|excerpt|56,spacer|half,link|default|default_size|Weiter,spacer_two|half,category|nobg|relative|display-icon&#8220; carousel_interval=&#8220;10000&#8243; carousel_navspeed=&#8220;400&#8243; carousel_loop=&#8220;yes&#8220; carousel_overflow=&#8220;yes&#8220; carousel_dots=&#8220;yes&#8220; carousel_dots_mobile=&#8220;yes&#8220; stage_padding=&#8220;0&#8243; single_text=&#8220;overlay&#8220; single_overlay_color=&#8220;color-126884&#8243; single_overlay_blend=&#8220;multiply&#8220; single_overlay_opacity=&#8220;50&#8243; single_image_anim=&#8220;no&#8220; single_padding=&#8220;2&#8243; single_elements_click=&#8220;yes&#8220; single_border=&#8220;yes&#8220; el_class=&#8220;dcwi-postcaroussel&#8220; uncode_shortcode_id=&#8220;176184&#8243;][\/vc_column][\/vc_row][vc_row row_height_percent=&#8220;0&#8243; override_padding=&#8220;yes&#8220; h_padding=&#8220;2&#8243; top_padding=&#8220;1&#8243; bottom_padding=&#8220;2&#8243; overlay_alpha=&#8220;50&#8243; gutter_size=&#8220;3&#8243; column_width_percent=&#8220;100&#8243; shift_y=&#8220;0&#8243; z_index=&#8220;0&#8243; css=&#8220;.vc_custom_1646908528750{padding-top: 0px !important;padding-bottom: 0px !important;}&#8220; uncode_shortcode_id=&#8220;705114&#8243;][vc_column column_width_use_pixel=&#8220;yes&#8220; gutter_size=&#8220;3&#8243; overlay_alpha=&#8220;50&#8243; shift_x=&#8220;0&#8243; shift_y=&#8220;0&#8243; shift_y_down=&#8220;0&#8243; z_index=&#8220;0&#8243; medium_width=&#8220;0&#8243; mobile_width=&#8220;0&#8243; width=&#8220;1\/1&#8243; css=&#8220;.vc_custom_1645614334655{padding-top: 0px !important;padding-bottom: 0px !important;}&#8220; column_width_pixel=&#8220;1200&#8243; el_class=&#8220;nosidepadding_mobile&#8220; uncode_shortcode_id=&#8220;114961&#8243;][vc_row_inner row_inner_height_percent=&#8220;0&#8243; overlay_alpha=&#8220;50&#8243; gutter_size=&#8220;0&#8243; shift_y=&#8220;0&#8243; z_index=&#8220;0&#8243; css=&#8220;.vc_custom_1626773573976{padding-top: 0px !important;padding-bottom: 0px !important;}&#8220; el_class=&#8220;nosidepadding_mobile&#8220; limit_content=&#8220;&#8220;][vc_column_inner column_width_percent=&#8220;85&#8243; position_horizontal=&#8220;right&#8220; gutter_size=&#8220;3&#8243; style=&#8220;light&#8220; overlay_alpha=&#8220;50&#8243; shift_x=&#8220;0&#8243; shift_y=&#8220;0&#8243; shift_y_down=&#8220;0&#8243; z_index=&#8220;0&#8243; medium_width=&#8220;4&#8243; mobile_width=&#8220;0&#8243; width=&#8220;1\/2&#8243; el_class=&#8220;linientop&#8220;][vc_empty_space empty_h=&#8220;2&#8243; desktop_visibility=&#8220;yes&#8220; medium_visibility=&#8220;yes&#8220;][vc_single_image media=&#8220;243&#8243; media_width_use_pixel=&#8220;yes&#8220; media_width_pixel=&#8220;240&#8243; el_class=&#8220;weisse_linie&#8220;][\/vc_column_inner][vc_column_inner column_width_percent=&#8220;85&#8243; position_horizontal=&#8220;left&#8220; gutter_size=&#8220;3&#8243; style=&#8220;light&#8220; overlay_alpha=&#8220;50&#8243; shift_x=&#8220;0&#8243; shift_y=&#8220;0&#8243; shift_y_down=&#8220;0&#8243; z_index=&#8220;0&#8243; medium_width=&#8220;4&#8243; mobile_width=&#8220;0&#8243; width=&#8220;1\/2&#8243; el_class=&#8220;boxtop&#8220;][vc_column_text uncode_shortcode_id=&#8220;964392&#8243;]<\/p>\n<h2>Warum mit Sedax<\/h2>\n<p>Mit unvoreingenommenem Blick von Aussen und systematischem Vorgehen, gezieltem Einsatz der richtigen Kompetenzen und Werkzeuge, beraten wir Sie nicht nur, wir packen auch in der Umsetzung Ihrer Optimierung mit an.[\/vc_column_text][vc_empty_space empty_h=&#8220;1&#8243; desktop_visibility=&#8220;yes&#8220; medium_visibility=&#8220;yes&#8220;][\/vc_column_inner][\/vc_row_inner][vc_empty_space empty_h=&#8220;2&#8243; medium_visibility=&#8220;yes&#8220; mobile_visibility=&#8220;yes&#8220;][\/vc_column][\/vc_row][vc_row][vc_column width=&#8220;1\/1&#8243;][uncode_block id=&#8220;3784&#8243;][\/vc_column][\/vc_row][vc_row][vc_column width=&#8220;1\/1&#8243;][uncode_block id=&#8220;534&#8243;][\/vc_column][\/vc_row]<\/p>\n","protected":false},"excerpt":{"rendered":"<p>[vc_row row_height_percent=&#8220;0&#8243; override_padding=&#8220;yes&#8220; h_padding=&#8220;2&#8243; top_padding=&#8220;1&#8243; bottom_padding=&#8220;2&#8243; back_color=&#8220;color-xsdn&#8220; overlay_alpha=&#8220;50&#8243; gutter_size=&#8220;3&#8243; column_width_percent=&#8220;100&#8243; shift_y=&#8220;0&#8243; z_index=&#8220;0&#8243; css=&#8220;.vc_custom_1626685395064{padding-top: 0px !important;padding-bottom: 0px !important;}&#8220;][vc_column column_width_use_pixel=&#8220;yes&#8220; gutter_size=&#8220;3&#8243; style=&#8220;light&#8220; [&hellip;]<\/p>\n","protected":false},"author":6,"featured_media":3226,"parent":95,"menu_order":16,"comment_status":"closed","ping_status":"closed","template":"","meta":[],"yoast_head":"<!-- This site is optimized with the Yoast SEO plugin v17.6 - https:\/\/yoast.com\/wordpress\/plugins\/seo\/ -->\n<title>Automation &amp; Betriebsmittelbau &ndash; Sedax AG Z\u00fcrich<\/title>\n<meta name=\"robots\" content=\"index, follow, max-snippet:-1, max-image-preview:large, max-video-preview:-1\" \/>\n<link rel=\"canonical\" href=\"https:\/\/sedax.ch\/de\/was-wir-tun\/automation-betriebsmittelbau\/\" \/>\n<meta property=\"og:locale\" content=\"de_DE\" \/>\n<meta property=\"og:type\" content=\"article\" \/>\n<meta property=\"og:title\" content=\"Automation &amp; Betriebsmittelbau &ndash; Sedax AG Z\u00fcrich\" \/>\n<meta property=\"og:description\" content=\"[vc_row row_height_percent=&#8220;0&#8243; override_padding=&#8220;yes&#8220; h_padding=&#8220;2&#8243; top_padding=&#8220;1&#8243; bottom_padding=&#8220;2&#8243; back_color=&#8220;color-xsdn&#8220; overlay_alpha=&#8220;50&#8243; gutter_size=&#8220;3&#8243; column_width_percent=&#8220;100&#8243; shift_y=&#8220;0&#8243; z_index=&#8220;0&#8243; css=&#8220;.vc_custom_1626685395064{padding-top: 0px !important;padding-bottom: 0px !important;}&#8220;][vc_column column_width_use_pixel=&#8220;yes&#8220; gutter_size=&#8220;3&#8243; style=&#8220;light&#8220; [&hellip;]\" \/>\n<meta property=\"og:url\" content=\"https:\/\/sedax.ch\/de\/was-wir-tun\/automation-betriebsmittelbau\/\" \/>\n<meta property=\"og:site_name\" content=\"Sedax AG Z\u00fcrich\" \/>\n<meta property=\"article:modified_time\" content=\"2025-08-07T11:09:47+00:00\" \/>\n<meta property=\"og:image\" content=\"https:\/\/sedax.ch\/wp-content\/uploads\/2022\/12\/header_optimierung_sedax.jpg\" \/>\n\t<meta property=\"og:image:width\" content=\"2560\" \/>\n\t<meta property=\"og:image:height\" content=\"667\" \/>\n<meta name=\"twitter:card\" content=\"summary_large_image\" \/>\n<meta name=\"twitter:label1\" content=\"Gesch\u00e4tzte Lesezeit\" \/>\n\t<meta name=\"twitter:data1\" content=\"3 Minuten\" \/>\n<!-- \/ Yoast SEO plugin. -->","yoast_head_json":{"title":"Automation & Betriebsmittelbau &ndash; Sedax AG Z\u00fcrich","robots":{"index":"index","follow":"follow","max-snippet":"max-snippet:-1","max-image-preview":"max-image-preview:large","max-video-preview":"max-video-preview:-1"},"canonical":"https:\/\/sedax.ch\/de\/was-wir-tun\/automation-betriebsmittelbau\/","og_locale":"de_DE","og_type":"article","og_title":"Automation & Betriebsmittelbau &ndash; Sedax AG Z\u00fcrich","og_description":"[vc_row row_height_percent=&#8220;0&#8243; override_padding=&#8220;yes&#8220; h_padding=&#8220;2&#8243; top_padding=&#8220;1&#8243; bottom_padding=&#8220;2&#8243; back_color=&#8220;color-xsdn&#8220; overlay_alpha=&#8220;50&#8243; gutter_size=&#8220;3&#8243; column_width_percent=&#8220;100&#8243; shift_y=&#8220;0&#8243; z_index=&#8220;0&#8243; css=&#8220;.vc_custom_1626685395064{padding-top: 0px !important;padding-bottom: 0px !important;}&#8220;][vc_column column_width_use_pixel=&#8220;yes&#8220; gutter_size=&#8220;3&#8243; style=&#8220;light&#8220; [&hellip;]","og_url":"https:\/\/sedax.ch\/de\/was-wir-tun\/automation-betriebsmittelbau\/","og_site_name":"Sedax AG Z\u00fcrich","article_modified_time":"2025-08-07T11:09:47+00:00","og_image":[{"width":2560,"height":667,"url":"https:\/\/sedax.ch\/wp-content\/uploads\/2022\/12\/header_optimierung_sedax.jpg","type":"image\/jpeg"}],"twitter_card":"summary_large_image","twitter_misc":{"Gesch\u00e4tzte Lesezeit":"3 Minuten"},"schema":{"@context":"https:\/\/schema.org","@graph":[{"@type":"Organization","@id":"https:\/\/sedax.ch\/de\/#organization","name":"Sedax AG","url":"https:\/\/sedax.ch\/de\/","sameAs":["https:\/\/www.linkedin.com\/company\/sedax-ag\/?viewAsMember=true"],"logo":{"@type":"ImageObject","@id":"https:\/\/sedax.ch\/de\/#logo","inLanguage":"de-DE","url":"https:\/\/sedax.ch\/wp-content\/uploads\/2021\/06\/sedax_logo_positiv.svg","contentUrl":"https:\/\/sedax.ch\/wp-content\/uploads\/2021\/06\/sedax_logo_positiv.svg","caption":"Sedax AG"},"image":{"@id":"https:\/\/sedax.ch\/de\/#logo"}},{"@type":"WebSite","@id":"https:\/\/sedax.ch\/de\/#website","url":"https:\/\/sedax.ch\/de\/","name":"Sedax AG Z\u00fcrich","description":"Innovation &amp; Produktenwicklung | Ecodesign &amp; Circular Economy | Automation &amp; Betriebsmittelbau","publisher":{"@id":"https:\/\/sedax.ch\/de\/#organization"},"potentialAction":[{"@type":"SearchAction","target":{"@type":"EntryPoint","urlTemplate":"https:\/\/sedax.ch\/de\/?s={search_term_string}"},"query-input":"required name=search_term_string"}],"inLanguage":"de-DE"},{"@type":"ImageObject","@id":"https:\/\/sedax.ch\/de\/was-wir-tun\/automation-betriebsmittelbau\/#primaryimage","inLanguage":"de-DE","url":"https:\/\/sedax.ch\/wp-content\/uploads\/2022\/12\/header_optimierung_sedax.jpg","contentUrl":"https:\/\/sedax.ch\/wp-content\/uploads\/2022\/12\/header_optimierung_sedax.jpg","width":2560,"height":667},{"@type":"WebPage","@id":"https:\/\/sedax.ch\/de\/was-wir-tun\/automation-betriebsmittelbau\/#webpage","url":"https:\/\/sedax.ch\/de\/was-wir-tun\/automation-betriebsmittelbau\/","name":"Automation & Betriebsmittelbau &ndash; Sedax AG Z\u00fcrich","isPartOf":{"@id":"https:\/\/sedax.ch\/de\/#website"},"primaryImageOfPage":{"@id":"https:\/\/sedax.ch\/de\/was-wir-tun\/automation-betriebsmittelbau\/#primaryimage"},"datePublished":"2025-04-29T16:37:36+00:00","dateModified":"2025-08-07T11:09:47+00:00","breadcrumb":{"@id":"https:\/\/sedax.ch\/de\/was-wir-tun\/automation-betriebsmittelbau\/#breadcrumb"},"inLanguage":"de-DE","potentialAction":[{"@type":"ReadAction","target":["https:\/\/sedax.ch\/de\/was-wir-tun\/automation-betriebsmittelbau\/"]}]},{"@type":"BreadcrumbList","@id":"https:\/\/sedax.ch\/de\/was-wir-tun\/automation-betriebsmittelbau\/#breadcrumb","itemListElement":[{"@type":"ListItem","position":1,"name":"Startseite","item":"https:\/\/sedax.ch\/de\/"},{"@type":"ListItem","position":2,"name":"Was wir tun","item":"https:\/\/sedax.ch\/de\/was-wir-tun\/"},{"@type":"ListItem","position":3,"name":"Automation &#038; Betriebsmittelbau"}]}]}},"_links":{"self":[{"href":"https:\/\/sedax.ch\/de\/wp-json\/wp\/v2\/pages\/3808"}],"collection":[{"href":"https:\/\/sedax.ch\/de\/wp-json\/wp\/v2\/pages"}],"about":[{"href":"https:\/\/sedax.ch\/de\/wp-json\/wp\/v2\/types\/page"}],"author":[{"embeddable":true,"href":"https:\/\/sedax.ch\/de\/wp-json\/wp\/v2\/users\/6"}],"replies":[{"embeddable":true,"href":"https:\/\/sedax.ch\/de\/wp-json\/wp\/v2\/comments?post=3808"}],"version-history":[{"count":16,"href":"https:\/\/sedax.ch\/de\/wp-json\/wp\/v2\/pages\/3808\/revisions"}],"predecessor-version":[{"id":4337,"href":"https:\/\/sedax.ch\/de\/wp-json\/wp\/v2\/pages\/3808\/revisions\/4337"}],"up":[{"embeddable":true,"href":"https:\/\/sedax.ch\/de\/wp-json\/wp\/v2\/pages\/95"}],"wp:featuredmedia":[{"embeddable":true,"href":"https:\/\/sedax.ch\/de\/wp-json\/wp\/v2\/media\/3226"}],"wp:attachment":[{"href":"https:\/\/sedax.ch\/de\/wp-json\/wp\/v2\/media?parent=3808"}],"curies":[{"name":"wp","href":"https:\/\/api.w.org\/{rel}","templated":true}]}}