{"id":3147,"date":"2025-04-28T13:45:07","date_gmt":"2025-04-28T11:45:07","guid":{"rendered":"https:\/\/sedax.ch\/?page_id=3147"},"modified":"2026-03-17T15:08:45","modified_gmt":"2026-03-17T14:08:45","slug":"karriere-und-job","status":"publish","type":"page","link":"https:\/\/sedax.ch\/de\/ueber-uns\/karriere-und-job\/","title":{"rendered":"Karriere"},"content":{"rendered":"<p>[vc_row row_height_percent=&#8220;0&#8243; override_padding=&#8220;yes&#8220; h_padding=&#8220;2&#8243; top_padding=&#8220;2&#8243; bottom_padding=&#8220;1&#8243; back_color=&#8220;color-xsdn&#8220; overlay_alpha=&#8220;50&#8243; gutter_size=&#8220;3&#8243; column_width_percent=&#8220;100&#8243; shift_y=&#8220;0&#8243; z_index=&#8220;0&#8243; css=&#8220;.vc_custom_1665588507167{padding-top: 0px !important;padding-bottom: 0px !important;}&#8220; uncode_shortcode_id=&#8220;131917&#8243; back_color_type=&#8220;uncode-palette&#8220;][vc_column column_width_use_pixel=&#8220;yes&#8220; gutter_size=&#8220;3&#8243; style=&#8220;light&#8220; overlay_alpha=&#8220;50&#8243; shift_x=&#8220;0&#8243; shift_y=&#8220;0&#8243; shift_y_down=&#8220;0&#8243; z_index=&#8220;0&#8243; medium_width=&#8220;0&#8243; mobile_width=&#8220;0&#8243; width=&#8220;1\/1&#8243; css=&#8220;.vc_custom_1646134140003{padding-top: 0px !important;padding-bottom: 0px !important;}&#8220; column_width_pixel=&#8220;1200&#8243; el_class=&#8220;nosidepadding_mobile&#8220; uncode_shortcode_id=&#8220;696312&#8243;][vc_row_inner row_inner_height_percent=&#8220;0&#8243; back_color=&#8220;color-xsdn&#8220; overlay_alpha=&#8220;50&#8243; gutter_size=&#8220;3&#8243; shift_y=&#8220;0&#8243; z_index=&#8220;0&#8243; css=&#8220;.vc_custom_1665588348678{padding-top: 0px !important;padding-bottom: 0px !important;}&#8220; el_class=&#8220;nosidepadding_mobile&#8220; uncode_shortcode_id=&#8220;174475&#8243; back_color_type=&#8220;uncode-palette&#8220; limit_content=&#8220;&#8220;][vc_column_inner column_width_percent=&#8220;85&#8243; position_horizontal=&#8220;right&#8220; gutter_size=&#8220;3&#8243; style=&#8220;light&#8220; overlay_alpha=&#8220;50&#8243; shift_x=&#8220;0&#8243; shift_y=&#8220;0&#8243; shift_y_down=&#8220;0&#8243; z_index=&#8220;0&#8243; medium_width=&#8220;4&#8243; mobile_width=&#8220;0&#8243; width=&#8220;1\/2&#8243; el_class=&#8220;linientop_h1&#8243;][vc_empty_space empty_h=&#8220;2&#8243; desktop_visibility=&#8220;yes&#8220; medium_visibility=&#8220;yes&#8220;][vc_single_image media=&#8220;243&#8243; media_width_use_pixel=&#8220;yes&#8220; media_width_pixel=&#8220;240&#8243; el_class=&#8220;weisse_linie&#8220;][\/vc_column_inner][vc_column_inner column_width_percent=&#8220;85&#8243; position_horizontal=&#8220;left&#8220; gutter_size=&#8220;3&#8243; style=&#8220;light&#8220; overlay_alpha=&#8220;50&#8243; shift_x=&#8220;0&#8243; shift_y=&#8220;0&#8243; shift_y_down=&#8220;0&#8243; z_index=&#8220;0&#8243; medium_width=&#8220;4&#8243; mobile_width=&#8220;0&#8243; width=&#8220;1\/2&#8243; el_class=&#8220;boxtop&#8220;][vc_column_text uncode_shortcode_id=&#8220;288334&#8243;]<\/p>\n<h1>Werde Teil unseres Teams<\/h1>\n<p>[\/vc_column_text][vc_column_text uncode_shortcode_id=&#8220;123199&#8243;]<\/p>\n<p class=\"\" data-start=\"207\" data-end=\"372\">Bei Sedax erwarten dich spannende Herausforderungen, interdisziplin\u00e4re Projekte und ein Umfeld, in dem Innovation, Kreativit\u00e4t und Teamgeist t\u00e4glich gelebt werden.<\/p>\n<p class=\"\" data-start=\"374\" data-end=\"570\">Wir entwickeln nicht nur technische L\u00f6sungen \u2013 wir gestalten die Zukunft nachhaltiger, intelligenter und besser. Daf\u00fcr brauchen wir Menschen, die mitdenken, anpacken und eigene Ideen einbringen.<\/p>\n<p>[\/vc_column_text][vc_button border_animation=&#8220;btn-ripple-in&#8220; border_width=&#8220;0&#8243; link=&#8220;url:https%3A%2F%2Fsedax.ch%2Fwp-content%2Fuploads%2F2025%2F05%2FStellenausschrieb_Mechanical-Design-Engineer.pdf&#8220; uncode_shortcode_id=&#8220;213093&#8243;]Mechanical Design Engineer (m\/w\/d) 80-100%[\/vc_button][vc_button border_animation=&#8220;btn-ripple-in&#8220; border_width=&#8220;0&#8243; link=&#8220;url:https%3A%2F%2Fsedax.ch%2Fwp-content%2Fuploads%2F2026%2F03%2F17-03-2026_ElectricalENG_DE_.pdf|target:_blank&#8220; uncode_shortcode_id=&#8220;167019&#8243;]Electrical &amp; Embedded Systems Engineer (m\/w\/d) 80-100%[\/vc_button][vc_empty_space empty_h=&#8220;2&#8243;][\/vc_column_inner][\/vc_row_inner][\/vc_column][\/vc_row][vc_row row_height_percent=&#8220;0&#8243; override_padding=&#8220;yes&#8220; h_padding=&#8220;2&#8243; top_padding=&#8220;1&#8243; bottom_padding=&#8220;2&#8243; back_color=&#8220;color-120169&#8243; overlay_alpha=&#8220;50&#8243; gutter_size=&#8220;3&#8243; column_width_percent=&#8220;100&#8243; shift_y=&#8220;0&#8243; z_index=&#8220;0&#8243; css=&#8220;.vc_custom_1753190703489{padding-top: 0px !important;padding-bottom: 0px !important;}&#8220; uncode_shortcode_id=&#8220;164522&#8243; back_color_type=&#8220;uncode-palette&#8220;][vc_column column_width_use_pixel=&#8220;yes&#8220; gutter_size=&#8220;3&#8243; style=&#8220;light&#8220; back_color=&#8220;color-120169&#8243; overlay_alpha=&#8220;50&#8243; shift_x=&#8220;0&#8243; shift_y=&#8220;0&#8243; shift_y_down=&#8220;0&#8243; z_index=&#8220;0&#8243; medium_width=&#8220;0&#8243; mobile_width=&#8220;0&#8243; width=&#8220;1\/1&#8243; css=&#8220;.vc_custom_1753190188019{padding-top: 0px !important;padding-bottom: 0px !important;}&#8220; column_width_pixel=&#8220;1200&#8243; el_class=&#8220;nosidepadding_mobile&#8220; uncode_shortcode_id=&#8220;454968&#8243; back_color_type=&#8220;uncode-palette&#8220;][vc_row_inner row_inner_height_percent=&#8220;0&#8243; overlay_alpha=&#8220;50&#8243; gutter_size=&#8220;3&#8243; shift_y=&#8220;0&#8243; z_index=&#8220;0&#8243; css=&#8220;.vc_custom_1626266864213{padding-top: 0px !important;padding-bottom: 0px !important;}&#8220; el_class=&#8220;nosidepadding_mobile&#8220; limit_content=&#8220;&#8220;][vc_column_inner column_width_percent=&#8220;85&#8243; position_horizontal=&#8220;right&#8220; gutter_size=&#8220;3&#8243; style=&#8220;dark&#8220; overlay_alpha=&#8220;50&#8243; shift_x=&#8220;0&#8243; shift_y=&#8220;0&#8243; shift_y_down=&#8220;0&#8243; z_index=&#8220;0&#8243; medium_width=&#8220;4&#8243; mobile_width=&#8220;0&#8243; width=&#8220;1\/2&#8243; el_class=&#8220;linientop_h1&#8243; uncode_shortcode_id=&#8220;409226&#8243;][vc_empty_space empty_h=&#8220;2&#8243; desktop_visibility=&#8220;yes&#8220; medium_visibility=&#8220;yes&#8220;][vc_single_image media=&#8220;243&#8243; media_width_use_pixel=&#8220;yes&#8220; media_width_pixel=&#8220;240&#8243; el_class=&#8220;weisse_linie&#8220;][\/vc_column_inner][vc_column_inner column_width_percent=&#8220;85&#8243; position_horizontal=&#8220;left&#8220; gutter_size=&#8220;3&#8243; style=&#8220;light&#8220; overlay_alpha=&#8220;50&#8243; shift_x=&#8220;0&#8243; shift_y=&#8220;0&#8243; shift_y_down=&#8220;0&#8243; z_index=&#8220;0&#8243; medium_width=&#8220;4&#8243; mobile_width=&#8220;0&#8243; width=&#8220;1\/2&#8243; el_class=&#8220;boxtop&#8220; uncode_shortcode_id=&#8220;844979&#8243;][vc_column_text uncode_shortcode_id=&#8220;570963&#8243;]<\/p>\n<h2>Das bietet Sedax Dir<\/h2>\n<p>[\/vc_column_text][vc_empty_space empty_h=&#8220;0&#8243;][vc_column_text uncode_shortcode_id=&#8220;668831&#8243;]<\/p>\n<ul>\n<li>Eine moderne Unternehmenskultur gepr\u00e4gt mit viel Freiraum, Kreativit\u00e4t und Eigenverantwortung<\/li>\n<li>Ein unterst\u00fctzendes Team<\/li>\n<li>Abwechslungsreiche Aufgaben<\/li>\n<li>Interdisziplin\u00e4res Zusammenarbeiten mit diversen Fachbranchen<\/li>\n<li>Regelm\u00e4ssige Mitarbeiterevents und Schulungen<\/li>\n<li>Flexibles Arbeiten \u2013 teilweise auch im Home-Office<\/li>\n<li>Eine Dusche f\u00fcr die Sportlichen steht auch zur Verf\u00fcgung<\/li>\n<\/ul>\n<p>[\/vc_column_text][\/vc_column_inner][\/vc_row_inner][\/vc_column][\/vc_row][vc_row][vc_column column_width_percent=&#8220;90&#8243; gutter_size=&#8220;3&#8243; overlay_alpha=&#8220;50&#8243; shift_x=&#8220;0&#8243; shift_y=&#8220;0&#8243; shift_y_down=&#8220;0&#8243; z_index=&#8220;0&#8243; medium_width=&#8220;0&#8243; mobile_width=&#8220;0&#8243; width=&#8220;1\/1&#8243; uncode_shortcode_id=&#8220;100751&#8243;][vc_raw_html]JTNDaWZyYW1lJTIwc3JjJTNEJTIyaHR0cHMlM0ElMkYlMkZ3d3cuZ29vZ2xlLmNvbSUyRm1hcHMlMkZlbWJlZCUzRnBiJTNEJTIxNHYxNzQwMDQ3MTczNjkwJTIxNm04JTIxMW03JTIxMXNDQW9TTEVGR01WRnBjRTFCU1hJMFFrWXlUMDk1VUZOSExWWnFTRzluY0dwWlVUVnNOMkpsZUhrNFdWWk1lRzlJJTIxMm0yJTIxMWQ0Ny4zNDYyMDYwMzI3NDQxJTIxMmQ4LjcwNjEyMjQyMzkzNjEyOCUyMTNmMjA4LjYyNDcyMTUwMjUxOTIlMjE0Zi0wLjI4MzAzMTg5NDAzNDMzNzUlMjE1ZjAuNDAwMDAwMDAwMDAwMDAwMiUyMiUyMHdpZHRoJTNEJTIyNjAwJTIyJTIwaGVpZ2h0JTNEJTIyNDUwJTIyJTIwc3R5bGUlM0QlMjJib3JkZXIlM0EwJTNCJTIyJTIwYWxsb3dmdWxsc2NyZWVuJTNEJTIyJTIyJTIwbG9hZGluZyUzRCUyMmxhenklMjIlMjByZWZlcnJlcnBvbGljeSUzRCUyMm5vLXJlZmVycmVyLXdoZW4tZG93bmdyYWRlJTIyJTNFJTNDJTJGaWZyYW1lJTNF[\/vc_raw_html][\/vc_column][\/vc_row][vc_row row_height_percent=&#8220;0&#8243; override_padding=&#8220;yes&#8220; h_padding=&#8220;2&#8243; top_padding=&#8220;1&#8243; bottom_padding=&#8220;2&#8243; back_color=&#8220;color-xsdn&#8220; overlay_alpha=&#8220;50&#8243; gutter_size=&#8220;3&#8243; column_width_percent=&#8220;100&#8243; shift_y=&#8220;0&#8243; z_index=&#8220;0&#8243; css=&#8220;.vc_custom_1745832070741{padding-top: 0px !important;padding-bottom: 0px !important;}&#8220; uncode_shortcode_id=&#8220;139459&#8243; back_color_type=&#8220;uncode-palette&#8220;][vc_column column_width_use_pixel=&#8220;yes&#8220; gutter_size=&#8220;3&#8243; style=&#8220;light&#8220; back_color=&#8220;color-xsdn&#8220; overlay_alpha=&#8220;50&#8243; shift_x=&#8220;0&#8243; shift_y=&#8220;0&#8243; shift_y_down=&#8220;0&#8243; z_index=&#8220;0&#8243; medium_width=&#8220;0&#8243; mobile_width=&#8220;0&#8243; width=&#8220;1\/1&#8243; css=&#8220;.vc_custom_1756900049040{padding-top: 0px !important;padding-bottom: 0px !important;}&#8220; column_width_pixel=&#8220;1070&#8243; el_class=&#8220;nosidepadding_mobile&#8220; uncode_shortcode_id=&#8220;199104&#8243; back_color_type=&#8220;uncode-palette&#8220;][vc_single_image media=&#8220;4320&#8243; media_width_percent=&#8220;100&#8243; alignment=&#8220;center&#8220; uncode_shortcode_id=&#8220;198421&#8243;][\/vc_column][\/vc_row][vc_row row_height_percent=&#8220;0&#8243; override_padding=&#8220;yes&#8220; h_padding=&#8220;2&#8243; top_padding=&#8220;1&#8243; bottom_padding=&#8220;2&#8243; back_color=&#8220;color-103804&#8243; overlay_alpha=&#8220;50&#8243; gutter_size=&#8220;3&#8243; column_width_percent=&#8220;100&#8243; shift_y=&#8220;0&#8243; z_index=&#8220;0&#8243; css=&#8220;.vc_custom_1745838198143{padding-top: 0px !important;padding-bottom: 0px !important;}&#8220; uncode_shortcode_id=&#8220;180296&#8243; back_color_type=&#8220;uncode-palette&#8220;][vc_column column_width_use_pixel=&#8220;yes&#8220; gutter_size=&#8220;3&#8243; style=&#8220;light&#8220; back_color=&#8220;color-103804&#8243; overlay_alpha=&#8220;50&#8243; shift_x=&#8220;0&#8243; shift_y=&#8220;0&#8243; shift_y_down=&#8220;0&#8243; z_index=&#8220;0&#8243; medium_width=&#8220;0&#8243; mobile_width=&#8220;0&#8243; width=&#8220;1\/1&#8243; css=&#8220;.vc_custom_1745838087094{padding-top: 0px !important;padding-bottom: 0px !important;}&#8220; column_width_pixel=&#8220;1200&#8243; el_class=&#8220;nosidepadding_mobile&#8220; uncode_shortcode_id=&#8220;679116&#8243; back_color_type=&#8220;uncode-palette&#8220;][vc_row_inner row_inner_height_percent=&#8220;0&#8243; overlay_alpha=&#8220;50&#8243; gutter_size=&#8220;3&#8243; shift_y=&#8220;0&#8243; z_index=&#8220;0&#8243; css=&#8220;.vc_custom_1626266864213{padding-top: 0px !important;padding-bottom: 0px !important;}&#8220; el_class=&#8220;nosidepadding_mobile&#8220; limit_content=&#8220;&#8220;][vc_column_inner column_width_percent=&#8220;85&#8243; position_horizontal=&#8220;right&#8220; gutter_size=&#8220;3&#8243; style=&#8220;light&#8220; overlay_alpha=&#8220;50&#8243; shift_x=&#8220;0&#8243; shift_y=&#8220;0&#8243; shift_y_down=&#8220;0&#8243; z_index=&#8220;0&#8243; medium_width=&#8220;4&#8243; mobile_width=&#8220;0&#8243; width=&#8220;1\/2&#8243; el_class=&#8220;linientop_h1&#8243;][vc_empty_space empty_h=&#8220;2&#8243; desktop_visibility=&#8220;yes&#8220; medium_visibility=&#8220;yes&#8220;][vc_single_image media=&#8220;790&#8243; media_width_use_pixel=&#8220;yes&#8220; media_width_pixel=&#8220;240&#8243; el_class=&#8220;weisse_linie&#8220; uncode_shortcode_id=&#8220;168116&#8243;][\/vc_column_inner][vc_column_inner column_width_percent=&#8220;85&#8243; position_horizontal=&#8220;left&#8220; gutter_size=&#8220;3&#8243; style=&#8220;light&#8220; overlay_alpha=&#8220;50&#8243; shift_x=&#8220;0&#8243; shift_y=&#8220;0&#8243; shift_y_down=&#8220;0&#8243; z_index=&#8220;0&#8243; medium_width=&#8220;4&#8243; mobile_width=&#8220;0&#8243; width=&#8220;1\/2&#8243; el_class=&#8220;boxtop&#8220;][vc_column_text uncode_shortcode_id=&#8220;114282&#8243;]<\/p>\n<h2 aria-level=\"1\"><span style=\"color: #ffffff;\">Willst Du dabei sein?\u00a0<\/span><\/h2>\n<p><span style=\"color: #ffffff;\">Bewerbe dich per Email an info@sedax.ch.\u00a0<\/span><\/p>\n<p><span style=\"color: #ffffff;\">Anfragen von Personalvermittler werden nicht ber\u00fccksichtigt.\u00a0<\/span>[\/vc_column_text][\/vc_column_inner][\/vc_row_inner][vc_empty_space empty_h=&#8220;2&#8243; medium_visibility=&#8220;yes&#8220; mobile_visibility=&#8220;yes&#8220;][\/vc_column][\/vc_row][vc_row row_height_percent=&#8220;0&#8243; override_padding=&#8220;yes&#8220; h_padding=&#8220;2&#8243; top_padding=&#8220;1&#8243; bottom_padding=&#8220;2&#8243; back_color=&#8220;color-112416&#8243; overlay_alpha=&#8220;50&#8243; gutter_size=&#8220;3&#8243; column_width_percent=&#8220;100&#8243; shift_y=&#8220;0&#8243; z_index=&#8220;0&#8243; css=&#8220;.vc_custom_1745832092704{padding-top: 0px !important;padding-bottom: 0px !important;}&#8220; uncode_shortcode_id=&#8220;452084&#8243; back_color_type=&#8220;uncode-palette&#8220;][vc_column column_width_use_pixel=&#8220;yes&#8220; gutter_size=&#8220;3&#8243; style=&#8220;light&#8220; back_color=&#8220;color-112416&#8243; overlay_alpha=&#8220;50&#8243; shift_x=&#8220;0&#8243; shift_y=&#8220;0&#8243; shift_y_down=&#8220;0&#8243; z_index=&#8220;0&#8243; medium_width=&#8220;0&#8243; mobile_width=&#8220;0&#8243; width=&#8220;1\/1&#8243; css=&#8220;.vc_custom_1745832114240{padding-top: 0px !important;padding-bottom: 0px !important;}&#8220; column_width_pixel=&#8220;1200&#8243; el_class=&#8220;nosidepadding_mobile&#8220; uncode_shortcode_id=&#8220;527581&#8243; back_color_type=&#8220;uncode-palette&#8220;][vc_row_inner row_inner_height_percent=&#8220;0&#8243; overlay_alpha=&#8220;50&#8243; gutter_size=&#8220;3&#8243; shift_y=&#8220;0&#8243; z_index=&#8220;0&#8243; css=&#8220;.vc_custom_1626266864213{padding-top: 0px !important;padding-bottom: 0px !important;}&#8220; el_class=&#8220;nosidepadding_mobile&#8220; limit_content=&#8220;&#8220;][vc_column_inner column_width_percent=&#8220;85&#8243; position_horizontal=&#8220;right&#8220; gutter_size=&#8220;3&#8243; style=&#8220;light&#8220; overlay_alpha=&#8220;50&#8243; shift_x=&#8220;0&#8243; shift_y=&#8220;0&#8243; shift_y_down=&#8220;0&#8243; z_index=&#8220;0&#8243; medium_width=&#8220;4&#8243; mobile_width=&#8220;0&#8243; width=&#8220;1\/2&#8243; el_class=&#8220;linientop_h1&#8243;][vc_empty_space empty_h=&#8220;2&#8243; desktop_visibility=&#8220;yes&#8220; medium_visibility=&#8220;yes&#8220;][vc_single_image media=&#8220;3516&#8243; media_width_use_pixel=&#8220;yes&#8220; media_width_pixel=&#8220;360&#8243; el_class=&#8220;weisse_linie&#8220; uncode_shortcode_id=&#8220;878810&#8243;][\/vc_column_inner][vc_column_inner column_width_percent=&#8220;85&#8243; position_horizontal=&#8220;left&#8220; gutter_size=&#8220;3&#8243; style=&#8220;light&#8220; overlay_alpha=&#8220;50&#8243; shift_x=&#8220;0&#8243; shift_y=&#8220;0&#8243; shift_y_down=&#8220;0&#8243; z_index=&#8220;0&#8243; medium_width=&#8220;4&#8243; mobile_width=&#8220;0&#8243; width=&#8220;1\/2&#8243; el_class=&#8220;boxtop&#8220;][vc_column_text uncode_shortcode_id=&#8220;103814&#8243;]<\/p>\n<h2><span style=\"color: #ffffff;\">Teamstimme<\/span><\/h2>\n<p><span style=\"color: #ffffff;\">&#8222;Bei Sedax kann ich nicht nur Projekte managen, sondern auch Ideen gestalten. Jeder Tag bringt neue Herausforderungen \u2013 und die M\u00f6glichkeit, wirklich etwas zu bewegen. Wer Eigeninitiative zeigt, kann hier aktiv mitgestalten \u2013 an Projekten, Prozessen und der Zukunft unseres Unternehmens.&#8220;<\/span><\/p>\n<p><span style=\"color: #ffffff;\"><br \/>\nPascal Graf<br \/>\nSenior Project Manager, Marketing Lead<\/span>[\/vc_column_text][\/vc_column_inner][\/vc_row_inner][vc_empty_space empty_h=&#8220;2&#8243; medium_visibility=&#8220;yes&#8220; mobile_visibility=&#8220;yes&#8220;][\/vc_column][\/vc_row]<\/p>\n","protected":false},"excerpt":{"rendered":"<p>[vc_row row_height_percent=&#8220;0&#8243; override_padding=&#8220;yes&#8220; h_padding=&#8220;2&#8243; top_padding=&#8220;2&#8243; bottom_padding=&#8220;1&#8243; back_color=&#8220;color-xsdn&#8220; overlay_alpha=&#8220;50&#8243; gutter_size=&#8220;3&#8243; column_width_percent=&#8220;100&#8243; shift_y=&#8220;0&#8243; z_index=&#8220;0&#8243; css=&#8220;.vc_custom_1665588507167{padding-top: 0px !important;padding-bottom: 0px !important;}&#8220; uncode_shortcode_id=&#8220;131917&#8243; back_color_type=&#8220;uncode-palette&#8220;][vc_column column_width_use_pixel=&#8220;yes&#8220; [&hellip;]<\/p>\n","protected":false},"author":4,"featured_media":3230,"parent":99,"menu_order":24,"comment_status":"closed","ping_status":"closed","template":"","meta":[],"yoast_head":"<!-- This site is optimized with the Yoast SEO plugin v17.6 - https:\/\/yoast.com\/wordpress\/plugins\/seo\/ -->\n<title>Karriere &ndash; Sedax AG Z\u00fcrich<\/title>\n<meta name=\"robots\" content=\"index, follow, max-snippet:-1, max-image-preview:large, max-video-preview:-1\" \/>\n<link rel=\"canonical\" href=\"https:\/\/sedax.ch\/de\/ueber-uns\/karriere-und-job\/\" \/>\n<meta property=\"og:locale\" content=\"de_DE\" \/>\n<meta property=\"og:type\" content=\"article\" \/>\n<meta property=\"og:title\" content=\"Karriere &ndash; Sedax AG Z\u00fcrich\" \/>\n<meta property=\"og:description\" content=\"[vc_row row_height_percent=&#8220;0&#8243; override_padding=&#8220;yes&#8220; h_padding=&#8220;2&#8243; top_padding=&#8220;2&#8243; bottom_padding=&#8220;1&#8243; back_color=&#8220;color-xsdn&#8220; overlay_alpha=&#8220;50&#8243; gutter_size=&#8220;3&#8243; column_width_percent=&#8220;100&#8243; shift_y=&#8220;0&#8243; z_index=&#8220;0&#8243; css=&#8220;.vc_custom_1665588507167{padding-top: 0px !important;padding-bottom: 0px !important;}&#8220; uncode_shortcode_id=&#8220;131917&#8243; back_color_type=&#8220;uncode-palette&#8220;][vc_column column_width_use_pixel=&#8220;yes&#8220; [&hellip;]\" \/>\n<meta property=\"og:url\" content=\"https:\/\/sedax.ch\/de\/ueber-uns\/karriere-und-job\/\" \/>\n<meta property=\"og:site_name\" content=\"Sedax AG Z\u00fcrich\" \/>\n<meta property=\"article:modified_time\" content=\"2026-03-17T14:08:45+00:00\" \/>\n<meta property=\"og:image\" content=\"https:\/\/sedax.ch\/wp-content\/uploads\/2022\/12\/header_unterstuetzung_sedax.jpg\" \/>\n\t<meta property=\"og:image:width\" content=\"2560\" \/>\n\t<meta property=\"og:image:height\" content=\"667\" \/>\n<meta name=\"twitter:card\" content=\"summary_large_image\" \/>\n<meta name=\"twitter:label1\" content=\"Gesch\u00e4tzte Lesezeit\" \/>\n\t<meta name=\"twitter:data1\" content=\"3 Minuten\" \/>\n<!-- \/ Yoast SEO plugin. -->","yoast_head_json":{"title":"Karriere &ndash; Sedax AG Z\u00fcrich","robots":{"index":"index","follow":"follow","max-snippet":"max-snippet:-1","max-image-preview":"max-image-preview:large","max-video-preview":"max-video-preview:-1"},"canonical":"https:\/\/sedax.ch\/de\/ueber-uns\/karriere-und-job\/","og_locale":"de_DE","og_type":"article","og_title":"Karriere &ndash; Sedax AG Z\u00fcrich","og_description":"[vc_row row_height_percent=&#8220;0&#8243; override_padding=&#8220;yes&#8220; h_padding=&#8220;2&#8243; top_padding=&#8220;2&#8243; bottom_padding=&#8220;1&#8243; back_color=&#8220;color-xsdn&#8220; overlay_alpha=&#8220;50&#8243; gutter_size=&#8220;3&#8243; column_width_percent=&#8220;100&#8243; shift_y=&#8220;0&#8243; z_index=&#8220;0&#8243; css=&#8220;.vc_custom_1665588507167{padding-top: 0px !important;padding-bottom: 0px !important;}&#8220; uncode_shortcode_id=&#8220;131917&#8243; back_color_type=&#8220;uncode-palette&#8220;][vc_column column_width_use_pixel=&#8220;yes&#8220; [&hellip;]","og_url":"https:\/\/sedax.ch\/de\/ueber-uns\/karriere-und-job\/","og_site_name":"Sedax AG Z\u00fcrich","article_modified_time":"2026-03-17T14:08:45+00:00","og_image":[{"width":2560,"height":667,"url":"https:\/\/sedax.ch\/wp-content\/uploads\/2022\/12\/header_unterstuetzung_sedax.jpg","type":"image\/jpeg"}],"twitter_card":"summary_large_image","twitter_misc":{"Gesch\u00e4tzte Lesezeit":"3 Minuten"},"schema":{"@context":"https:\/\/schema.org","@graph":[{"@type":"Organization","@id":"https:\/\/sedax.ch\/de\/#organization","name":"Sedax AG","url":"https:\/\/sedax.ch\/de\/","sameAs":["https:\/\/www.linkedin.com\/company\/sedax-ag\/?viewAsMember=true"],"logo":{"@type":"ImageObject","@id":"https:\/\/sedax.ch\/de\/#logo","inLanguage":"de-DE","url":"https:\/\/sedax.ch\/wp-content\/uploads\/2021\/06\/sedax_logo_positiv.svg","contentUrl":"https:\/\/sedax.ch\/wp-content\/uploads\/2021\/06\/sedax_logo_positiv.svg","caption":"Sedax AG"},"image":{"@id":"https:\/\/sedax.ch\/de\/#logo"}},{"@type":"WebSite","@id":"https:\/\/sedax.ch\/de\/#website","url":"https:\/\/sedax.ch\/de\/","name":"Sedax AG Z\u00fcrich","description":"Innovation &amp; Produktenwicklung | Ecodesign &amp; Circular Economy | Automation &amp; Betriebsmittelbau","publisher":{"@id":"https:\/\/sedax.ch\/de\/#organization"},"potentialAction":[{"@type":"SearchAction","target":{"@type":"EntryPoint","urlTemplate":"https:\/\/sedax.ch\/de\/?s={search_term_string}"},"query-input":"required name=search_term_string"}],"inLanguage":"de-DE"},{"@type":"ImageObject","@id":"https:\/\/sedax.ch\/de\/ueber-uns\/karriere-und-job\/#primaryimage","inLanguage":"de-DE","url":"https:\/\/sedax.ch\/wp-content\/uploads\/2022\/12\/header_unterstuetzung_sedax.jpg","contentUrl":"https:\/\/sedax.ch\/wp-content\/uploads\/2022\/12\/header_unterstuetzung_sedax.jpg","width":2560,"height":667},{"@type":"WebPage","@id":"https:\/\/sedax.ch\/de\/ueber-uns\/karriere-und-job\/#webpage","url":"https:\/\/sedax.ch\/de\/ueber-uns\/karriere-und-job\/","name":"Karriere &ndash; Sedax AG Z\u00fcrich","isPartOf":{"@id":"https:\/\/sedax.ch\/de\/#website"},"primaryImageOfPage":{"@id":"https:\/\/sedax.ch\/de\/ueber-uns\/karriere-und-job\/#primaryimage"},"datePublished":"2025-04-28T11:45:07+00:00","dateModified":"2026-03-17T14:08:45+00:00","breadcrumb":{"@id":"https:\/\/sedax.ch\/de\/ueber-uns\/karriere-und-job\/#breadcrumb"},"inLanguage":"de-DE","potentialAction":[{"@type":"ReadAction","target":["https:\/\/sedax.ch\/de\/ueber-uns\/karriere-und-job\/"]}]},{"@type":"BreadcrumbList","@id":"https:\/\/sedax.ch\/de\/ueber-uns\/karriere-und-job\/#breadcrumb","itemListElement":[{"@type":"ListItem","position":1,"name":"Startseite","item":"https:\/\/sedax.ch\/de\/"},{"@type":"ListItem","position":2,"name":"\u00dcber uns","item":"https:\/\/sedax.ch\/de\/ueber-uns\/"},{"@type":"ListItem","position":3,"name":"Karriere"}]}]}},"_links":{"self":[{"href":"https:\/\/sedax.ch\/de\/wp-json\/wp\/v2\/pages\/3147"}],"collection":[{"href":"https:\/\/sedax.ch\/de\/wp-json\/wp\/v2\/pages"}],"about":[{"href":"https:\/\/sedax.ch\/de\/wp-json\/wp\/v2\/types\/page"}],"author":[{"embeddable":true,"href":"https:\/\/sedax.ch\/de\/wp-json\/wp\/v2\/users\/4"}],"replies":[{"embeddable":true,"href":"https:\/\/sedax.ch\/de\/wp-json\/wp\/v2\/comments?post=3147"}],"version-history":[{"count":59,"href":"https:\/\/sedax.ch\/de\/wp-json\/wp\/v2\/pages\/3147\/revisions"}],"predecessor-version":[{"id":4396,"href":"https:\/\/sedax.ch\/de\/wp-json\/wp\/v2\/pages\/3147\/revisions\/4396"}],"up":[{"embeddable":true,"href":"https:\/\/sedax.ch\/de\/wp-json\/wp\/v2\/pages\/99"}],"wp:featuredmedia":[{"embeddable":true,"href":"https:\/\/sedax.ch\/de\/wp-json\/wp\/v2\/media\/3230"}],"wp:attachment":[{"href":"https:\/\/sedax.ch\/de\/wp-json\/wp\/v2\/media?parent=3147"}],"curies":[{"name":"wp","href":"https:\/\/api.w.org\/{rel}","templated":true}]}}