{"id":116,"date":"2021-07-08T13:19:35","date_gmt":"2021-07-08T11:19:35","guid":{"rendered":"https:\/\/sedax.ch\/?page_id=116"},"modified":"2025-08-07T11:26:12","modified_gmt":"2025-08-07T09:26:12","slug":"flexible-technische-unterstuetzung","status":"publish","type":"page","link":"https:\/\/sedax.ch\/de\/was-wir-tun\/flexible-technische-unterstuetzung\/","title":{"rendered":"Flexible technische Unterst\u00fctzung"},"content":{"rendered":"<p>[vc_row row_height_percent=&#8220;0&#8243; override_padding=&#8220;yes&#8220; h_padding=&#8220;2&#8243; top_padding=&#8220;1&#8243; bottom_padding=&#8220;2&#8243; back_color=&#8220;color-xsdn&#8220; overlay_alpha=&#8220;50&#8243; gutter_size=&#8220;3&#8243; column_width_percent=&#8220;100&#8243; shift_y=&#8220;0&#8243; z_index=&#8220;0&#8243; css=&#8220;.vc_custom_1626685395064{padding-top: 0px !important;padding-bottom: 0px !important;}&#8220;][vc_column column_width_use_pixel=&#8220;yes&#8220; gutter_size=&#8220;3&#8243; style=&#8220;light&#8220; back_color=&#8220;color-xsdn&#8220; overlay_alpha=&#8220;50&#8243; shift_x=&#8220;0&#8243; shift_y=&#8220;0&#8243; shift_y_down=&#8220;0&#8243; z_index=&#8220;0&#8243; medium_width=&#8220;0&#8243; mobile_width=&#8220;0&#8243; width=&#8220;1\/1&#8243; css=&#8220;.vc_custom_1626685579862{padding-top: 0px !important;padding-bottom: 0px !important;}&#8220; column_width_pixel=&#8220;1200&#8243; el_class=&#8220;nosidepadding_mobile&#8220;][vc_row_inner row_inner_height_percent=&#8220;0&#8243; overlay_alpha=&#8220;50&#8243; gutter_size=&#8220;0&#8243; shift_y=&#8220;0&#8243; z_index=&#8220;0&#8243; css=&#8220;.vc_custom_1626772906765{padding-top: 0px !important;padding-bottom: 0px !important;}&#8220; el_class=&#8220;nosidepadding_mobile&#8220;][vc_column_inner column_width_percent=&#8220;85&#8243; position_horizontal=&#8220;right&#8220; gutter_size=&#8220;3&#8243; style=&#8220;light&#8220; overlay_alpha=&#8220;50&#8243; shift_x=&#8220;0&#8243; shift_y=&#8220;0&#8243; shift_y_down=&#8220;0&#8243; z_index=&#8220;0&#8243; medium_width=&#8220;4&#8243; mobile_width=&#8220;0&#8243; width=&#8220;1\/2&#8243; el_class=&#8220;linientop_h1&#8243;][vc_empty_space empty_h=&#8220;2&#8243; desktop_visibility=&#8220;yes&#8220; medium_visibility=&#8220;yes&#8220;][vc_single_image media=&#8220;243&#8243; media_width_use_pixel=&#8220;yes&#8220; media_width_pixel=&#8220;240&#8243; el_class=&#8220;weisse_linie&#8220;][\/vc_column_inner][vc_column_inner column_width_percent=&#8220;85&#8243; position_horizontal=&#8220;left&#8220; gutter_size=&#8220;3&#8243; style=&#8220;light&#8220; overlay_alpha=&#8220;50&#8243; shift_x=&#8220;0&#8243; shift_y=&#8220;0&#8243; shift_y_down=&#8220;0&#8243; z_index=&#8220;0&#8243; medium_width=&#8220;4&#8243; mobile_width=&#8220;0&#8243; width=&#8220;1\/2&#8243; el_class=&#8220;boxtop&#8220;][vc_column_text uncode_shortcode_id=&#8220;165571&#8243;]<\/p>\n<h1>Flexible technische Unterst\u00fctzung<\/h1>\n<p>Ob bei Ihnen vor Ort oder remote, unsere qualifizierten Konstrukteure, Ingenieure, Technischen Redaktoren, Experten f\u00fcr FEM-Simulation und Projektleiter setzten sich gerne einzeln oder im Team f\u00fcr den Erfolg Ihres Projektes ein.[\/vc_column_text][\/vc_column_inner][\/vc_row_inner][vc_empty_space empty_h=&#8220;2&#8243; medium_visibility=&#8220;yes&#8220; mobile_visibility=&#8220;yes&#8220;][\/vc_column][\/vc_row][vc_row row_height_percent=&#8220;0&#8243; override_padding=&#8220;yes&#8220; h_padding=&#8220;2&#8243; top_padding=&#8220;0&#8243; bottom_padding=&#8220;0&#8243; back_color=&#8220;color-103804&#8243; overlay_alpha=&#8220;50&#8243; gutter_size=&#8220;3&#8243; column_width_percent=&#8220;100&#8243; shift_y=&#8220;0&#8243; z_index=&#8220;0&#8243; css=&#8220;.vc_custom_1672752278863{padding-top: 0px !important;padding-bottom: 0px !important;}&#8220; uncode_shortcode_id=&#8220;707977&#8243; back_color_type=&#8220;uncode-palette&#8220;][vc_column column_width_use_pixel=&#8220;yes&#8220; gutter_size=&#8220;3&#8243; style=&#8220;dark&#8220; back_color=&#8220;color-103804&#8243; overlay_alpha=&#8220;50&#8243; shift_x=&#8220;0&#8243; shift_y=&#8220;0&#8243; shift_y_down=&#8220;0&#8243; z_index=&#8220;0&#8243; medium_width=&#8220;0&#8243; mobile_width=&#8220;0&#8243; width=&#8220;1\/1&#8243; css=&#8220;.vc_custom_1626767805731{padding-top: 0px !important;padding-bottom: 0px !important;}&#8220; column_width_pixel=&#8220;1200&#8243; el_class=&#8220;nosidepadding_mobile&#8220;][vc_row_inner row_inner_height_percent=&#8220;0&#8243; overlay_alpha=&#8220;50&#8243; gutter_size=&#8220;0&#8243; shift_y=&#8220;0&#8243; z_index=&#8220;0&#8243; css=&#8220;.vc_custom_1626773359636{padding-top: 0px !important;padding-bottom: 0px !important;}&#8220; limit_content=&#8220;&#8220;][vc_column_inner column_width_percent=&#8220;85&#8243; position_horizontal=&#8220;right&#8220; gutter_size=&#8220;3&#8243; style=&#8220;dark&#8220; overlay_alpha=&#8220;50&#8243; shift_x=&#8220;0&#8243; shift_y=&#8220;0&#8243; shift_y_down=&#8220;0&#8243; z_index=&#8220;0&#8243; medium_width=&#8220;4&#8243; mobile_width=&#8220;0&#8243; width=&#8220;1\/2&#8243; el_class=&#8220;linientop&#8220;][vc_empty_space empty_h=&#8220;2&#8243; desktop_visibility=&#8220;yes&#8220; medium_visibility=&#8220;yes&#8220;][vc_single_image media=&#8220;227&#8243; media_width_use_pixel=&#8220;yes&#8220; media_width_pixel=&#8220;240&#8243; el_class=&#8220;weisse_linie&#8220;][\/vc_column_inner][vc_column_inner column_width_percent=&#8220;85&#8243; position_horizontal=&#8220;left&#8220; gutter_size=&#8220;3&#8243; style=&#8220;dark&#8220; overlay_alpha=&#8220;50&#8243; shift_x=&#8220;0&#8243; shift_y=&#8220;0&#8243; shift_y_down=&#8220;0&#8243; z_index=&#8220;0&#8243; medium_width=&#8220;4&#8243; mobile_width=&#8220;0&#8243; width=&#8220;1\/2&#8243; el_class=&#8220;boxtop&#8220;][vc_column_text uncode_shortcode_id=&#8220;113503&#8243;]<\/p>\n<h2>Wollen Sie ganze Arbeitspakete auslagern?<\/h2>\n<p>Sie k\u00f6nnen ganze Arbeitspakete an uns auslagern. In enger Zusammenarbeit unterst\u00fctzen wir Sie in der Projektkoordination. Auf Wunsch schulen wir unsere Mitarbeitenden nach ihren Bed\u00fcrfnissen ein.<\/p>\n<p>Unsere Mitarbeitenden haben jederzeit Zugriff auf das gesamte Know-how und Expertenwissen der Sedax und k\u00f6nnen dieses bei Bedarf in Ihr Projekt einfliessen lassen.<\/p>\n<p>[\/vc_column_text][\/vc_column_inner][\/vc_row_inner][vc_empty_space empty_h=&#8220;2&#8243; medium_visibility=&#8220;yes&#8220; mobile_visibility=&#8220;yes&#8220;][\/vc_column][\/vc_row][vc_row row_height_percent=&#8220;0&#8243; override_padding=&#8220;yes&#8220; h_padding=&#8220;0&#8243; top_padding=&#8220;0&#8243; bottom_padding=&#8220;0&#8243; back_color=&#8220;color-xsdn&#8220; back_image=&#8220;810&#8243; back_repeat=&#8220;no-repeat&#8220; back_position=&#8220;center top&#8220; overlay_alpha=&#8220;50&#8243; gutter_size=&#8220;3&#8243; column_width_percent=&#8220;100&#8243; shift_y=&#8220;0&#8243; z_index=&#8220;0&#8243; uncode_shortcode_id=&#8220;111480&#8243; back_color_type=&#8220;uncode-palette&#8220; back_size=&#8220;4000px 320px&#8220;][vc_column column_width_use_pixel=&#8220;yes&#8220; gutter_size=&#8220;3&#8243; overlay_alpha=&#8220;50&#8243; shift_x=&#8220;0&#8243; shift_y=&#8220;0&#8243; shift_y_down=&#8220;0&#8243; z_index=&#8220;0&#8243; medium_width=&#8220;0&#8243; mobile_width=&#8220;0&#8243; width=&#8220;1\/1&#8243; column_width_pixel=&#8220;1200&#8243; uncode_shortcode_id=&#8220;188804&#8243;][vc_row_inner row_inner_height_percent=&#8220;0&#8243; overlay_alpha=&#8220;50&#8243; gutter_size=&#8220;3&#8243; shift_y=&#8220;0&#8243; z_index=&#8220;0&#8243; css=&#8220;.vc_custom_1626353439088{margin-top: -128px !important;}&#8220;][vc_column_inner column_width_percent=&#8220;100&#8243; gutter_size=&#8220;3&#8243; override_padding=&#8220;yes&#8220; column_padding=&#8220;0&#8243; overlay_alpha=&#8220;50&#8243; shift_x=&#8220;0&#8243; shift_y=&#8220;0&#8243; shift_y_down=&#8220;0&#8243; z_index=&#8220;0&#8243; medium_width=&#8220;0&#8243; mobile_width=&#8220;0&#8243; width=&#8220;1\/1&#8243;][vc_single_image media=&#8220;1950&#8243; media_width_percent=&#8220;100&#8243; uncode_shortcode_id=&#8220;143384&#8243;][\/vc_column_inner][\/vc_row_inner][\/vc_column][\/vc_row][vc_row row_height_percent=&#8220;0&#8243; override_padding=&#8220;yes&#8220; h_padding=&#8220;3&#8243; top_padding=&#8220;1&#8243; bottom_padding=&#8220;2&#8243; overlay_alpha=&#8220;50&#8243; gutter_size=&#8220;3&#8243; column_width_percent=&#8220;100&#8243; shift_y=&#8220;0&#8243; z_index=&#8220;0&#8243; css=&#8220;.vc_custom_1648201420227{padding-top: 0px !important;padding-bottom: 0px !important;}&#8220; uncode_shortcode_id=&#8220;882083&#8243;][vc_column column_width_use_pixel=&#8220;yes&#8220; gutter_size=&#8220;3&#8243; overlay_alpha=&#8220;50&#8243; shift_x=&#8220;0&#8243; shift_y=&#8220;0&#8243; shift_y_down=&#8220;0&#8243; z_index=&#8220;0&#8243; medium_width=&#8220;0&#8243; mobile_width=&#8220;0&#8243; width=&#8220;1\/1&#8243; css=&#8220;.vc_custom_1645614334655{padding-top: 0px !important;padding-bottom: 0px !important;}&#8220; column_width_pixel=&#8220;1200&#8243; el_class=&#8220;nosidepadding_mobile&#8220; uncode_shortcode_id=&#8220;114961&#8243;][vc_row_inner row_inner_height_percent=&#8220;0&#8243; overlay_alpha=&#8220;50&#8243; gutter_size=&#8220;0&#8243; shift_y=&#8220;0&#8243; z_index=&#8220;0&#8243; css=&#8220;.vc_custom_1626773573976{padding-top: 0px !important;padding-bottom: 0px !important;}&#8220; el_class=&#8220;nosidepadding_mobile&#8220; limit_content=&#8220;&#8220;][vc_column_inner column_width_percent=&#8220;85&#8243; position_horizontal=&#8220;right&#8220; gutter_size=&#8220;3&#8243; style=&#8220;light&#8220; overlay_alpha=&#8220;50&#8243; shift_x=&#8220;0&#8243; shift_y=&#8220;0&#8243; shift_y_down=&#8220;0&#8243; z_index=&#8220;0&#8243; medium_width=&#8220;4&#8243; mobile_width=&#8220;0&#8243; width=&#8220;1\/2&#8243; el_class=&#8220;linientop&#8220;][vc_empty_space empty_h=&#8220;2&#8243; desktop_visibility=&#8220;yes&#8220; medium_visibility=&#8220;yes&#8220;][vc_single_image media=&#8220;243&#8243; media_width_use_pixel=&#8220;yes&#8220; media_width_pixel=&#8220;240&#8243; el_class=&#8220;weisse_linie&#8220;][\/vc_column_inner][vc_column_inner column_width_percent=&#8220;85&#8243; position_horizontal=&#8220;left&#8220; gutter_size=&#8220;3&#8243; style=&#8220;light&#8220; overlay_alpha=&#8220;50&#8243; shift_x=&#8220;0&#8243; shift_y=&#8220;0&#8243; shift_y_down=&#8220;0&#8243; z_index=&#8220;0&#8243; medium_width=&#8220;4&#8243; mobile_width=&#8220;0&#8243; width=&#8220;1\/2&#8243; el_class=&#8220;boxtop&#8220;][vc_column_text uncode_shortcode_id=&#8220;883090&#8243;]<\/p>\n<h1>Warum mit Sedax<\/h1>\n<p>Es hat sich in ihrem Projekt etwas ver\u00e4ndert? Kein Problem! Sie k\u00f6nnen von uns flexibel Unterst\u00fctzung hinzuziehen oder vom Projekt abziehen.[\/vc_column_text][vc_empty_space empty_h=&#8220;1&#8243; desktop_visibility=&#8220;yes&#8220; medium_visibility=&#8220;yes&#8220;][\/vc_column_inner][\/vc_row_inner][vc_empty_space empty_h=&#8220;2&#8243; medium_visibility=&#8220;yes&#8220; mobile_visibility=&#8220;yes&#8220;][\/vc_column][\/vc_row][vc_row][vc_column width=&#8220;1\/1&#8243;][uncode_block id=&#8220;3358&#8243;][\/vc_column][\/vc_row][vc_row][vc_column width=&#8220;1\/1&#8243;][uncode_block id=&#8220;534&#8243;][\/vc_column][\/vc_row]<\/p>\n","protected":false},"excerpt":{"rendered":"<p>[vc_row row_height_percent=&#8220;0&#8243; override_padding=&#8220;yes&#8220; h_padding=&#8220;2&#8243; top_padding=&#8220;1&#8243; bottom_padding=&#8220;2&#8243; back_color=&#8220;color-xsdn&#8220; overlay_alpha=&#8220;50&#8243; gutter_size=&#8220;3&#8243; column_width_percent=&#8220;100&#8243; shift_y=&#8220;0&#8243; z_index=&#8220;0&#8243; css=&#8220;.vc_custom_1626685395064{padding-top: 0px !important;padding-bottom: 0px !important;}&#8220;][vc_column column_width_use_pixel=&#8220;yes&#8220; gutter_size=&#8220;3&#8243; style=&#8220;light&#8220; [&hellip;]<\/p>\n","protected":false},"author":1,"featured_media":3230,"parent":95,"menu_order":18,"comment_status":"closed","ping_status":"closed","template":"","meta":[],"yoast_head":"<!-- This site is optimized with the Yoast SEO plugin v17.6 - https:\/\/yoast.com\/wordpress\/plugins\/seo\/ -->\n<title>Flexible technische Unterst\u00fctzung | Konstrukteure, Ingenieure, Projektleiter<\/title>\n<meta name=\"description\" content=\"Erfolgreiche Projektabwicklung: Unsere erfahrenen Projektleiter sorgen daf\u00fcr, dass Ihr Projekt termingerecht und budgetgerecht abgeschlossen wird. Jetzt informieren.\" \/>\n<meta name=\"robots\" content=\"index, follow, max-snippet:-1, max-image-preview:large, max-video-preview:-1\" \/>\n<link rel=\"canonical\" href=\"https:\/\/sedax.ch\/de\/was-wir-tun\/flexible-technische-unterstuetzung\/\" \/>\n<meta property=\"og:locale\" content=\"de_DE\" \/>\n<meta property=\"og:type\" content=\"article\" \/>\n<meta property=\"og:title\" content=\"Flexible technische Unterst\u00fctzung | Konstrukteure, Ingenieure, Projektleiter\" \/>\n<meta property=\"og:description\" content=\"Erfolgreiche Projektabwicklung: Unsere erfahrenen Projektleiter sorgen daf\u00fcr, dass Ihr Projekt termingerecht und budgetgerecht abgeschlossen wird. Jetzt informieren.\" \/>\n<meta property=\"og:url\" content=\"https:\/\/sedax.ch\/de\/was-wir-tun\/flexible-technische-unterstuetzung\/\" \/>\n<meta property=\"og:site_name\" content=\"Sedax AG Z\u00fcrich\" \/>\n<meta property=\"article:modified_time\" content=\"2025-08-07T09:26:12+00:00\" \/>\n<meta property=\"og:image\" content=\"https:\/\/sedax.ch\/wp-content\/uploads\/2022\/12\/header_unterstuetzung_sedax.jpg\" \/>\n\t<meta property=\"og:image:width\" content=\"2560\" \/>\n\t<meta property=\"og:image:height\" content=\"667\" \/>\n<meta name=\"twitter:card\" content=\"summary_large_image\" \/>\n<meta name=\"twitter:label1\" content=\"Gesch\u00e4tzte Lesezeit\" \/>\n\t<meta name=\"twitter:data1\" content=\"4 Minuten\" \/>\n<!-- \/ Yoast SEO plugin. -->","yoast_head_json":{"title":"Flexible technische Unterst\u00fctzung | Konstrukteure, Ingenieure, Projektleiter","description":"Erfolgreiche Projektabwicklung: Unsere erfahrenen Projektleiter sorgen daf\u00fcr, dass Ihr Projekt termingerecht und budgetgerecht abgeschlossen wird. Jetzt informieren.","robots":{"index":"index","follow":"follow","max-snippet":"max-snippet:-1","max-image-preview":"max-image-preview:large","max-video-preview":"max-video-preview:-1"},"canonical":"https:\/\/sedax.ch\/de\/was-wir-tun\/flexible-technische-unterstuetzung\/","og_locale":"de_DE","og_type":"article","og_title":"Flexible technische Unterst\u00fctzung | Konstrukteure, Ingenieure, Projektleiter","og_description":"Erfolgreiche Projektabwicklung: Unsere erfahrenen Projektleiter sorgen daf\u00fcr, dass Ihr Projekt termingerecht und budgetgerecht abgeschlossen wird. Jetzt informieren.","og_url":"https:\/\/sedax.ch\/de\/was-wir-tun\/flexible-technische-unterstuetzung\/","og_site_name":"Sedax AG Z\u00fcrich","article_modified_time":"2025-08-07T09:26:12+00:00","og_image":[{"width":2560,"height":667,"url":"https:\/\/sedax.ch\/wp-content\/uploads\/2022\/12\/header_unterstuetzung_sedax.jpg","type":"image\/jpeg"}],"twitter_card":"summary_large_image","twitter_misc":{"Gesch\u00e4tzte Lesezeit":"4 Minuten"},"schema":{"@context":"https:\/\/schema.org","@graph":[{"@type":"Organization","@id":"https:\/\/sedax.ch\/de\/#organization","name":"Sedax AG","url":"https:\/\/sedax.ch\/de\/","sameAs":["https:\/\/www.linkedin.com\/company\/sedax-ag\/?viewAsMember=true"],"logo":{"@type":"ImageObject","@id":"https:\/\/sedax.ch\/de\/#logo","inLanguage":"de-DE","url":"https:\/\/sedax.ch\/wp-content\/uploads\/2021\/06\/sedax_logo_positiv.svg","contentUrl":"https:\/\/sedax.ch\/wp-content\/uploads\/2021\/06\/sedax_logo_positiv.svg","caption":"Sedax AG"},"image":{"@id":"https:\/\/sedax.ch\/de\/#logo"}},{"@type":"WebSite","@id":"https:\/\/sedax.ch\/de\/#website","url":"https:\/\/sedax.ch\/de\/","name":"Sedax AG Z\u00fcrich","description":"Innovation &amp; Produktenwicklung | Ecodesign &amp; Circular Economy | Automation &amp; Betriebsmittelbau","publisher":{"@id":"https:\/\/sedax.ch\/de\/#organization"},"potentialAction":[{"@type":"SearchAction","target":{"@type":"EntryPoint","urlTemplate":"https:\/\/sedax.ch\/de\/?s={search_term_string}"},"query-input":"required name=search_term_string"}],"inLanguage":"de-DE"},{"@type":"ImageObject","@id":"https:\/\/sedax.ch\/de\/was-wir-tun\/flexible-technische-unterstuetzung\/#primaryimage","inLanguage":"de-DE","url":"https:\/\/sedax.ch\/wp-content\/uploads\/2022\/12\/header_unterstuetzung_sedax.jpg","contentUrl":"https:\/\/sedax.ch\/wp-content\/uploads\/2022\/12\/header_unterstuetzung_sedax.jpg","width":2560,"height":667},{"@type":"WebPage","@id":"https:\/\/sedax.ch\/de\/was-wir-tun\/flexible-technische-unterstuetzung\/#webpage","url":"https:\/\/sedax.ch\/de\/was-wir-tun\/flexible-technische-unterstuetzung\/","name":"Flexible technische Unterst\u00fctzung | Konstrukteure, Ingenieure, Projektleiter","isPartOf":{"@id":"https:\/\/sedax.ch\/de\/#website"},"primaryImageOfPage":{"@id":"https:\/\/sedax.ch\/de\/was-wir-tun\/flexible-technische-unterstuetzung\/#primaryimage"},"datePublished":"2021-07-08T11:19:35+00:00","dateModified":"2025-08-07T09:26:12+00:00","description":"Erfolgreiche Projektabwicklung: Unsere erfahrenen Projektleiter sorgen daf\u00fcr, dass Ihr Projekt termingerecht und budgetgerecht abgeschlossen wird. Jetzt informieren.","breadcrumb":{"@id":"https:\/\/sedax.ch\/de\/was-wir-tun\/flexible-technische-unterstuetzung\/#breadcrumb"},"inLanguage":"de-DE","potentialAction":[{"@type":"ReadAction","target":["https:\/\/sedax.ch\/de\/was-wir-tun\/flexible-technische-unterstuetzung\/"]}]},{"@type":"BreadcrumbList","@id":"https:\/\/sedax.ch\/de\/was-wir-tun\/flexible-technische-unterstuetzung\/#breadcrumb","itemListElement":[{"@type":"ListItem","position":1,"name":"Startseite","item":"https:\/\/sedax.ch\/de\/"},{"@type":"ListItem","position":2,"name":"Was wir tun","item":"https:\/\/sedax.ch\/de\/was-wir-tun\/"},{"@type":"ListItem","position":3,"name":"Flexible technische Unterst\u00fctzung"}]}]}},"_links":{"self":[{"href":"https:\/\/sedax.ch\/de\/wp-json\/wp\/v2\/pages\/116"}],"collection":[{"href":"https:\/\/sedax.ch\/de\/wp-json\/wp\/v2\/pages"}],"about":[{"href":"https:\/\/sedax.ch\/de\/wp-json\/wp\/v2\/types\/page"}],"author":[{"embeddable":true,"href":"https:\/\/sedax.ch\/de\/wp-json\/wp\/v2\/users\/1"}],"replies":[{"embeddable":true,"href":"https:\/\/sedax.ch\/de\/wp-json\/wp\/v2\/comments?post=116"}],"version-history":[{"count":54,"href":"https:\/\/sedax.ch\/de\/wp-json\/wp\/v2\/pages\/116\/revisions"}],"predecessor-version":[{"id":3378,"href":"https:\/\/sedax.ch\/de\/wp-json\/wp\/v2\/pages\/116\/revisions\/3378"}],"up":[{"embeddable":true,"href":"https:\/\/sedax.ch\/de\/wp-json\/wp\/v2\/pages\/95"}],"wp:featuredmedia":[{"embeddable":true,"href":"https:\/\/sedax.ch\/de\/wp-json\/wp\/v2\/media\/3230"}],"wp:attachment":[{"href":"https:\/\/sedax.ch\/de\/wp-json\/wp\/v2\/media?parent=116"}],"curies":[{"name":"wp","href":"https:\/\/api.w.org\/{rel}","templated":true}]}}